{"id":64357,"date":"2022-04-28T10:18:31","date_gmt":"2022-04-28T09:18:31","guid":{"rendered":"https:\/\/alpscigar.com\/?post_type=product&#038;p=64357"},"modified":"2023-11-22T09:46:42","modified_gmt":"2023-11-22T08:46:42","slug":"bentley-cigarillos-20","status":"publish","type":"product","link":"https:\/\/beta.alpscigar.com\/en\/shop\/nicaraguan-cigars\/bentley\/bentley-cigarillos-20\/","title":{"rendered":"Bentley Cigarillos (20)"},"content":{"rendered":"<p>Ces petites \u0153uvres d&rsquo;art compl\u00e8tent merveilleusement la gamme Bentley aux c\u00f4t\u00e9s des cigares, des tabacs \u00e0 pipe et des spiritueux. Gr\u00e2ce au plus grand soin apport\u00e9 \u00e0 la s\u00e9lection et \u00e0 la coupe des feuilles de tabac individuelles, le connaisseur averti peut s&rsquo;attendre \u00e0 des moments savoureux. <strong>Les Bentley Minis Cigarillos et Bentley Cigarillos sont compos\u00e9s de 100% de tabacs d&rsquo;\u00c9quateur<\/strong> pour la cape et de la R\u00e9publique Dominicaine pour la sous-cape et la tripe. Ils sont de force l\u00e9g\u00e8re \u00e0 moyennement cors\u00e9.<\/p>","protected":false},"excerpt":{"rendered":"<p>Bo\u00eete de 20 cigarillos.<\/p>","protected":false},"featured_media":64355,"template":"","meta":{"_acf_changed":false},"product_cat":[29688,24791,24035],"product_tag":[],"bundled_by":[],"bundle_stock_status":"instock","bundle_stock_quantity":null,"bundle_virtual":false,"bundle_layout":"","bundle_add_to_cart_form_location":"","bundle_editable_in_cart":false,"bundle_sold_individually_context":"","bundle_item_grouping":"","bundle_min_size":"","bundle_max_size":"","bundled_items":[],"acf":[],"_links":{"self":[{"href":"https:\/\/beta.alpscigar.com\/en\/wp-json\/wp\/v2\/product\/64357"}],"collection":[{"href":"https:\/\/beta.alpscigar.com\/en\/wp-json\/wp\/v2\/product"}],"about":[{"href":"https:\/\/beta.alpscigar.com\/en\/wp-json\/wp\/v2\/types\/product"}],"wp:featuredmedia":[{"embeddable":true,"href":"https:\/\/beta.alpscigar.com\/en\/wp-json\/wp\/v2\/media\/64355"}],"wp:attachment":[{"href":"https:\/\/beta.alpscigar.com\/en\/wp-json\/wp\/v2\/media?parent=64357"}],"wp:term":[{"taxonomy":"product_cat","embeddable":true,"href":"https:\/\/beta.alpscigar.com\/en\/wp-json\/wp\/v2\/product_cat?post=64357"},{"taxonomy":"product_tag","embeddable":true,"href":"https:\/\/beta.alpscigar.com\/en\/wp-json\/wp\/v2\/product_tag?post=64357"}],"curies":[{"name":"wp","href":"https:\/\/api.w.org\/{rel}","templated":true}]}}