{"id":64369,"date":"2022-04-28T10:26:40","date_gmt":"2022-04-28T09:26:40","guid":{"rendered":"https:\/\/alpscigar.com\/?post_type=product&#038;p=64369"},"modified":"2023-09-18T16:34:27","modified_gmt":"2023-09-18T15:34:27","slug":"bentley-b13-cigar-25","status":"publish","type":"product","link":"https:\/\/beta.alpscigar.com\/en\/shop\/nicaraguan-cigars\/bentley\/bentley-b13-cigar-25\/","title":{"rendered":"Bentley B13 Cigar (25)"},"content":{"rendered":"<p><strong>Le Bentley B13 cigar<\/strong> est assorti au rhum Bentley B13 au go\u00fbt raffin\u00e9 avec une longueur de 140 mm et un diam\u00e8tre de 19.81 mm. Comme pour la ligne classique de Bentley, nous rencontrons \u00e9galement une cape Rosado (H2000) vieillie en provenance d&rsquo;\u00c9quateur.<\/p>\n<p>La tripe, un m\u00e9lange de tabacs dominicains et nicaraguayens exquis, a \u00e9t\u00e9 choisie pour \u00eatre <strong>un peu plus douce que la gamme classique,<\/strong> afin que nous puissions nous attendre \u00e0 une exp\u00e9rience de fumage diff\u00e9rente mais subtile. Le format se situe entre un format classique Robusto et Corona, ce qui convient le mieux pour des saveurs \u00e9quilibr\u00e9es. Merveilleusement coordonn\u00e9 avec le rhum Bentley B13.<\/p>","protected":false},"excerpt":{"rendered":"<p>Box of 25 cigars.<\/p>","protected":false},"featured_media":64366,"template":"","meta":{"_acf_changed":false},"product_cat":[29688,24791,21990,24720,24035],"product_tag":[],"bundled_by":[],"bundle_stock_status":"instock","bundle_stock_quantity":null,"bundle_virtual":false,"bundle_layout":"","bundle_add_to_cart_form_location":"","bundle_editable_in_cart":false,"bundle_sold_individually_context":"","bundle_item_grouping":"","bundle_min_size":"","bundle_max_size":"","bundled_items":[],"acf":[],"_links":{"self":[{"href":"https:\/\/beta.alpscigar.com\/en\/wp-json\/wp\/v2\/product\/64369"}],"collection":[{"href":"https:\/\/beta.alpscigar.com\/en\/wp-json\/wp\/v2\/product"}],"about":[{"href":"https:\/\/beta.alpscigar.com\/en\/wp-json\/wp\/v2\/types\/product"}],"wp:featuredmedia":[{"embeddable":true,"href":"https:\/\/beta.alpscigar.com\/en\/wp-json\/wp\/v2\/media\/64366"}],"wp:attachment":[{"href":"https:\/\/beta.alpscigar.com\/en\/wp-json\/wp\/v2\/media?parent=64369"}],"wp:term":[{"taxonomy":"product_cat","embeddable":true,"href":"https:\/\/beta.alpscigar.com\/en\/wp-json\/wp\/v2\/product_cat?post=64369"},{"taxonomy":"product_tag","embeddable":true,"href":"https:\/\/beta.alpscigar.com\/en\/wp-json\/wp\/v2\/product_tag?post=64369"}],"curies":[{"name":"wp","href":"https:\/\/api.w.org\/{rel}","templated":true}]}}