{"id":64377,"date":"2022-04-28T10:26:51","date_gmt":"2022-04-28T09:26:51","guid":{"rendered":"https:\/\/alpscigar.com\/?post_type=product&#038;p=64377"},"modified":"2023-12-08T00:42:15","modified_gmt":"2023-12-07T23:42:15","slug":"boveda-2-way-humidity-control-84","status":"publish","type":"product","link":"https:\/\/beta.alpscigar.com\/en\/shop\/cigars-accessories\/humidificateurs\/boveda-2-way-humidity-control-84\/","title":{"rendered":"Boveda 2-Way humidity control 84%"},"content":{"rendered":"<p>Le Boveda 2-Way humidity control 84% est tr\u00e8s bien adapt\u00e9 pour r\u00e9tracter rapidement la cave. En raison de la forte lib\u00e9ration d&rsquo;humidit\u00e9, l&rsquo;humidor absorbe l&rsquo;humidit\u00e9 plus rapidement et peut donc \u00eatre rempli de cigares en tr\u00e8s peu de temps.<\/p>\n<p><strong>C&rsquo;est probablement le moyen le plus simple et le moins cher de conserver les cigares dans des conditions id\u00e9ales.<\/strong> Les sachets de 60 gr sont tr\u00e8s adapt\u00e9s aux humidificateurs de table ou de voyage.<\/p>\n<p><strong>Comment fonctionne un Boveda ?<\/strong><br \/>\nLe Boveda 2-Way humidity control 84% se compose d&rsquo;une solution sp\u00e9cialement con\u00e7ue d&rsquo;eau pure et de sels naturels. Cette solution satur\u00e9e est contenue dans une membrane perm\u00e9able \u00e0 la vapeur d&rsquo;eau \u00abosmose inverse\u00bb.<\/p>\n<p>Cette r\u00e9gulation bidirectionnelle d&rsquo;\u00e9change fournit l&rsquo;humidit\u00e9 la plus propre et la plus pure de tout autre produit sur le march\u00e9. Le nombre de sachets de r\u00e9gulation d&rsquo;humidit\u00e9 Boveda ne peut pas \u00eatre d\u00e9pass\u00e9. La dur\u00e9e de conservation du Boveda humidificateur et d\u00e9shumidificateur et la vitesse d&rsquo;\u00e9quilibrage de l&rsquo;humidit\u00e9 relative sont beaucoup plus rapides avec plusieurs sachets Boveda.<\/p>","protected":false},"excerpt":{"rendered":"<p>12 sachets 60 gr 84%<\/p>","protected":false},"featured_media":64374,"template":"","meta":{"_acf_changed":false},"product_cat":[29862,16870],"product_tag":[],"bundled_by":[],"bundle_stock_status":"instock","bundle_stock_quantity":null,"bundle_virtual":false,"bundle_layout":"","bundle_add_to_cart_form_location":"","bundle_editable_in_cart":false,"bundle_sold_individually_context":"","bundle_item_grouping":"","bundle_min_size":"","bundle_max_size":"","bundled_items":[],"acf":[],"_links":{"self":[{"href":"https:\/\/beta.alpscigar.com\/en\/wp-json\/wp\/v2\/product\/64377"}],"collection":[{"href":"https:\/\/beta.alpscigar.com\/en\/wp-json\/wp\/v2\/product"}],"about":[{"href":"https:\/\/beta.alpscigar.com\/en\/wp-json\/wp\/v2\/types\/product"}],"wp:featuredmedia":[{"embeddable":true,"href":"https:\/\/beta.alpscigar.com\/en\/wp-json\/wp\/v2\/media\/64374"}],"wp:attachment":[{"href":"https:\/\/beta.alpscigar.com\/en\/wp-json\/wp\/v2\/media?parent=64377"}],"wp:term":[{"taxonomy":"product_cat","embeddable":true,"href":"https:\/\/beta.alpscigar.com\/en\/wp-json\/wp\/v2\/product_cat?post=64377"},{"taxonomy":"product_tag","embeddable":true,"href":"https:\/\/beta.alpscigar.com\/en\/wp-json\/wp\/v2\/product_tag?post=64377"}],"curies":[{"name":"wp","href":"https:\/\/api.w.org\/{rel}","templated":true}]}}