{"id":64509,"date":"2022-04-28T12:52:52","date_gmt":"2022-04-28T11:52:52","guid":{"rendered":"https:\/\/alpscigar.com\/?post_type=product&#038;p=64509"},"modified":"2023-12-08T00:37:14","modified_gmt":"2023-12-07T23:37:14","slug":"cendrier-cohiba-behike","status":"publish","type":"product","link":"https:\/\/beta.alpscigar.com\/en\/shop\/cigars-accessories\/cendriers\/cohiba-cendriers\/cendrier-cohiba-behike\/","title":{"rendered":"Cendrier Cohiba Behike"},"content":{"rendered":"<p>Le Cendrier Cohiba Behike serait une grande pi\u00e8ce ma\u00eetresse pour un bon cigare cubain. Avec l&rsquo;amour qui entoure les cigares Cohiba de la ligne Behike &#8211; c&rsquo;est un cendrier \u00e0 cigares qui impressionne !<\/p>\n<p>Avec une finition noire et or &#8211; le cendrier Cohiba Behike est joliment d\u00e9cor\u00e9e avec le c\u00e9l\u00e8bre logo Cohiba Behike et \u00e0 une taille id\u00e9ale pour 3 fumeurs de cigares. Vous pouvez \u00eatre s\u00fbr que vous disposerez d&rsquo;un lieu de repos robuste pour vos cigares.<\/p>\n<p><strong>Cendrier \u00e0 cigares<\/strong><br \/>\n<strong>Mati\u00e8re :<\/strong> porcelaine<br \/>\n<strong>Dimensions :<\/strong> \u2205 23.5 x 9 cm<\/p>","protected":false},"excerpt":{"rendered":"<p>1 x cendrier en porcelaine.<\/p>","protected":false},"featured_media":64508,"template":"","meta":{"_acf_changed":false},"product_cat":[29746,16870,18796],"product_tag":[],"bundled_by":[],"bundle_stock_status":"outofstock","bundle_stock_quantity":0,"bundle_virtual":false,"bundle_layout":"","bundle_add_to_cart_form_location":"","bundle_editable_in_cart":false,"bundle_sold_individually_context":"","bundle_item_grouping":"","bundle_min_size":"","bundle_max_size":"","bundled_items":[],"acf":[],"_links":{"self":[{"href":"https:\/\/beta.alpscigar.com\/en\/wp-json\/wp\/v2\/product\/64509"}],"collection":[{"href":"https:\/\/beta.alpscigar.com\/en\/wp-json\/wp\/v2\/product"}],"about":[{"href":"https:\/\/beta.alpscigar.com\/en\/wp-json\/wp\/v2\/types\/product"}],"wp:featuredmedia":[{"embeddable":true,"href":"https:\/\/beta.alpscigar.com\/en\/wp-json\/wp\/v2\/media\/64508"}],"wp:attachment":[{"href":"https:\/\/beta.alpscigar.com\/en\/wp-json\/wp\/v2\/media?parent=64509"}],"wp:term":[{"taxonomy":"product_cat","embeddable":true,"href":"https:\/\/beta.alpscigar.com\/en\/wp-json\/wp\/v2\/product_cat?post=64509"},{"taxonomy":"product_tag","embeddable":true,"href":"https:\/\/beta.alpscigar.com\/en\/wp-json\/wp\/v2\/product_tag?post=64509"}],"curies":[{"name":"wp","href":"https:\/\/api.w.org\/{rel}","templated":true}]}}