{"id":64582,"date":"2022-04-28T13:02:54","date_gmt":"2022-04-28T12:02:54","guid":{"rendered":"https:\/\/alpscigar.com\/?post_type=product&#038;p=64582"},"modified":"2025-05-29T14:43:42","modified_gmt":"2025-05-29T13:43:42","slug":"casa-turrent-1901-gran-robusto-20","status":"publish","type":"product","link":"https:\/\/beta.alpscigar.com\/en\/shop\/cigares-mexicains\/casa-turrent\/casa-turrent-1901-gran-robusto-20\/","title":{"rendered":"Casa Turrent 1901 Gran Robusto (20)"},"content":{"rendered":"<p>Le Casa Turrent 1901 est un Robusto qui nous s\u00e9duit d\u00e8s sa prise en main. La s\u00e9rie 1901 repr\u00e9sente l&rsquo;ann\u00e9e de naissance du grand-p\u00e8re d&rsquo;Alejandro, qui est en grande partie responsable de la fondation de la dynastie familiale. Le cigare de force moyenne est incroyablement harmonieux et se pr\u00e9sente avec son m\u00e9lange s\u00e9lectionn\u00e9 de tabac stock\u00e9 comme une figure de proue complexe de la dynastie familiale en termes de go\u00fbt.<\/p>\n<p>Une cape Negro San Andr\u00e9s Maduro, deux sous-capes, un Criollo et un Negro San Andr\u00e9s, les tripes \u00e9galement fabriqu\u00e9es \u00e0 partir de Criollo et Negro San Andr\u00e9s et de fines feuilles suppl\u00e9mentaires du Nicaragua donnent un bouquet aromatique d&rsquo;amandes torr\u00e9fi\u00e9es, de caf\u00e9, de cannelle et d&rsquo;une douceur typiquement cr\u00e9meuse de Maduro.<\/p>\n<p><strong>Ce cigare a \u00e9t\u00e9 \u00e9lu 12\u00e8me meilleur cigare de l\u2019ann\u00e9e en 2016 (Cigar Aficionado).<\/strong><\/p>","protected":false},"excerpt":{"rendered":"<p>Box of 20 cigars.<\/p>","protected":false},"featured_media":64580,"template":"","meta":{"_acf_changed":false},"product_cat":[25283,25282,24791],"product_tag":[],"bundled_by":[],"bundle_stock_status":"instock","bundle_stock_quantity":null,"bundle_virtual":false,"bundle_layout":"","bundle_add_to_cart_form_location":"","bundle_editable_in_cart":false,"bundle_sold_individually_context":"","bundle_item_grouping":"","bundle_min_size":"","bundle_max_size":"","bundled_items":[],"acf":[],"_links":{"self":[{"href":"https:\/\/beta.alpscigar.com\/en\/wp-json\/wp\/v2\/product\/64582"}],"collection":[{"href":"https:\/\/beta.alpscigar.com\/en\/wp-json\/wp\/v2\/product"}],"about":[{"href":"https:\/\/beta.alpscigar.com\/en\/wp-json\/wp\/v2\/types\/product"}],"wp:featuredmedia":[{"embeddable":true,"href":"https:\/\/beta.alpscigar.com\/en\/wp-json\/wp\/v2\/media\/64580"}],"wp:attachment":[{"href":"https:\/\/beta.alpscigar.com\/en\/wp-json\/wp\/v2\/media?parent=64582"}],"wp:term":[{"taxonomy":"product_cat","embeddable":true,"href":"https:\/\/beta.alpscigar.com\/en\/wp-json\/wp\/v2\/product_cat?post=64582"},{"taxonomy":"product_tag","embeddable":true,"href":"https:\/\/beta.alpscigar.com\/en\/wp-json\/wp\/v2\/product_tag?post=64582"}],"curies":[{"name":"wp","href":"https:\/\/api.w.org\/{rel}","templated":true}]}}