{"id":64590,"date":"2022-04-28T13:08:13","date_gmt":"2022-04-28T12:08:13","guid":{"rendered":"https:\/\/alpscigar.com\/?post_type=product&#038;p=64590"},"modified":"2023-12-08T00:38:17","modified_gmt":"2023-12-07T23:38:17","slug":"cendrier-myon-gris-en-metal","status":"publish","type":"product","link":"https:\/\/beta.alpscigar.com\/en\/shop\/cigars-accessories\/cendriers\/myon-cendriers\/cendrier-myon-gris-en-metal\/","title":{"rendered":"Cendrier Myon Gris en m\u00e9tal"},"content":{"rendered":"<p>Le cendrier Myon est un tr\u00e8s beau cendrier dot\u00e9 de 2 repose-cigares. Belle finition gris m\u00e9tal.<\/p>\n<p>Dessous en feutrine. Livr\u00e9 dans un bel \u00e9crin pr\u00eat \u00e0 offrir !<\/p>\n<p><strong>Cendrier \u00e0 cigares<\/strong><br \/>\n<strong>Mati\u00e8re :<\/strong> m\u00e9tal<br \/>\n<strong>Dimensions :<\/strong> 19.5 x 9 x 2.8 cm<\/p>","protected":false},"excerpt":{"rendered":"<p>1 x cendrier en m\u00e9tal.<\/p>","protected":false},"featured_media":64589,"template":"","meta":{"_acf_changed":false},"product_cat":[29936,24638,16870,18796],"product_tag":[],"bundled_by":[],"bundle_stock_status":"instock","bundle_stock_quantity":null,"bundle_virtual":false,"bundle_layout":"","bundle_add_to_cart_form_location":"","bundle_editable_in_cart":false,"bundle_sold_individually_context":"","bundle_item_grouping":"","bundle_min_size":"","bundle_max_size":"","bundled_items":[],"acf":[],"_links":{"self":[{"href":"https:\/\/beta.alpscigar.com\/en\/wp-json\/wp\/v2\/product\/64590"}],"collection":[{"href":"https:\/\/beta.alpscigar.com\/en\/wp-json\/wp\/v2\/product"}],"about":[{"href":"https:\/\/beta.alpscigar.com\/en\/wp-json\/wp\/v2\/types\/product"}],"wp:featuredmedia":[{"embeddable":true,"href":"https:\/\/beta.alpscigar.com\/en\/wp-json\/wp\/v2\/media\/64589"}],"wp:attachment":[{"href":"https:\/\/beta.alpscigar.com\/en\/wp-json\/wp\/v2\/media?parent=64590"}],"wp:term":[{"taxonomy":"product_cat","embeddable":true,"href":"https:\/\/beta.alpscigar.com\/en\/wp-json\/wp\/v2\/product_cat?post=64590"},{"taxonomy":"product_tag","embeddable":true,"href":"https:\/\/beta.alpscigar.com\/en\/wp-json\/wp\/v2\/product_tag?post=64590"}],"curies":[{"name":"wp","href":"https:\/\/api.w.org\/{rel}","templated":true}]}}