{"id":64593,"date":"2022-04-28T13:08:15","date_gmt":"2022-04-28T12:08:15","guid":{"rendered":"https:\/\/alpscigar.com\/?post_type=product&#038;p=64593"},"modified":"2023-09-06T00:07:03","modified_gmt":"2023-09-05T23:07:03","slug":"casa-turrent-1942-gran-robusto-20","status":"publish","type":"product","link":"https:\/\/beta.alpscigar.com\/en\/shop\/cigares-mexicains\/casa-turrent\/casa-turrent-1942-gran-robusto-20\/","title":{"rendered":"Casa Turrent 1942 Gran Robusto (20)"},"content":{"rendered":"<p>La s\u00e9rie 1942 repr\u00e9sente l&rsquo;ann\u00e9e de naissance du p\u00e8re d&rsquo;Alejandro &#8211; Alberto Turrent IV &#8211; qui est toujours activement impliqu\u00e9 dans la plantation et continue d&rsquo;incorporer sa passion, son amour et sa connaissance du tabac.<\/p>\n<p>Le m\u00e9lange du cigare Casa Turrent 1942 Gran Robusto est doux \u00e0 moyennement fort. Il commence par des saveurs de fruits aigre-doux qui sont vraiment frais et sont accompagn\u00e9es d&rsquo;une l\u00e9g\u00e8re note de poivre. Au fur et \u00e0 mesure de fumer, des ar\u00f4mes de caf\u00e9 avec des notes de noix et de cacao sont ajout\u00e9s. Tout simplement charmant.<\/p>","protected":false},"excerpt":{"rendered":"<p>Box of 20 cigars.<\/p>","protected":false},"featured_media":64591,"template":"","meta":{"_acf_changed":false},"product_cat":[25283,25282,24791],"product_tag":[],"bundled_by":[],"bundle_stock_status":"instock","bundle_stock_quantity":null,"bundle_virtual":false,"bundle_layout":"","bundle_add_to_cart_form_location":"","bundle_editable_in_cart":false,"bundle_sold_individually_context":"","bundle_item_grouping":"","bundle_min_size":"","bundle_max_size":"","bundled_items":[],"acf":[],"_links":{"self":[{"href":"https:\/\/beta.alpscigar.com\/en\/wp-json\/wp\/v2\/product\/64593"}],"collection":[{"href":"https:\/\/beta.alpscigar.com\/en\/wp-json\/wp\/v2\/product"}],"about":[{"href":"https:\/\/beta.alpscigar.com\/en\/wp-json\/wp\/v2\/types\/product"}],"wp:featuredmedia":[{"embeddable":true,"href":"https:\/\/beta.alpscigar.com\/en\/wp-json\/wp\/v2\/media\/64591"}],"wp:attachment":[{"href":"https:\/\/beta.alpscigar.com\/en\/wp-json\/wp\/v2\/media?parent=64593"}],"wp:term":[{"taxonomy":"product_cat","embeddable":true,"href":"https:\/\/beta.alpscigar.com\/en\/wp-json\/wp\/v2\/product_cat?post=64593"},{"taxonomy":"product_tag","embeddable":true,"href":"https:\/\/beta.alpscigar.com\/en\/wp-json\/wp\/v2\/product_tag?post=64593"}],"curies":[{"name":"wp","href":"https:\/\/api.w.org\/{rel}","templated":true}]}}