{"id":64602,"date":"2022-04-28T13:10:13","date_gmt":"2022-04-28T12:10:13","guid":{"rendered":"https:\/\/alpscigar.com\/?post_type=product&#038;p=64602"},"modified":"2023-12-08T00:38:18","modified_gmt":"2023-12-07T23:38:18","slug":"cendrier-davidoff-en-porcelaine-1-cigare","status":"publish","type":"product","link":"https:\/\/beta.alpscigar.com\/en\/shop\/cigars-accessories\/cendriers\/davidoff-cendriers\/cendrier-davidoff-en-porcelaine-1-cigare\/","title":{"rendered":"Cendrier Davidoff en porcelaine 1 cigare"},"content":{"rendered":"<p>Le cendrier Davidoff en porcelaine pour 1 cigare est fabriqu\u00e9 \u00e0 Limoges dans une usine qui utilise le prestigieux label de qualit\u00e9: \u00ab\u00a0Entreprise du Patrimoine Vivant\u00a0\u00bb Une promesse de garantie pour leurs plus beaux m\u00e9tiers traditionnels fran\u00e7ais et pour nos cendriers \u00e0 cigares Davidoff. Le cendrier \u00e0 cigare offre beaucoup d&rsquo;espace pour les cendres et prot\u00e8ge les cendres des courants d&rsquo;air.<\/p>\n<p><strong>Design :<\/strong> platine pur appliqu\u00e9 \u00e0 la main.<\/p>","protected":false},"excerpt":{"rendered":"<p>1 cendrier en porcelaine.<\/p>","protected":false},"featured_media":64600,"template":"","meta":{"_acf_changed":false},"product_cat":[29758,16870,18796],"product_tag":[],"bundled_by":[],"bundle_stock_status":"outofstock","bundle_stock_quantity":null,"bundle_virtual":false,"bundle_layout":"","bundle_add_to_cart_form_location":"","bundle_editable_in_cart":false,"bundle_sold_individually_context":"","bundle_item_grouping":"","bundle_min_size":"","bundle_max_size":"","bundled_items":[],"acf":[],"_links":{"self":[{"href":"https:\/\/beta.alpscigar.com\/en\/wp-json\/wp\/v2\/product\/64602"}],"collection":[{"href":"https:\/\/beta.alpscigar.com\/en\/wp-json\/wp\/v2\/product"}],"about":[{"href":"https:\/\/beta.alpscigar.com\/en\/wp-json\/wp\/v2\/types\/product"}],"wp:featuredmedia":[{"embeddable":true,"href":"https:\/\/beta.alpscigar.com\/en\/wp-json\/wp\/v2\/media\/64600"}],"wp:attachment":[{"href":"https:\/\/beta.alpscigar.com\/en\/wp-json\/wp\/v2\/media?parent=64602"}],"wp:term":[{"taxonomy":"product_cat","embeddable":true,"href":"https:\/\/beta.alpscigar.com\/en\/wp-json\/wp\/v2\/product_cat?post=64602"},{"taxonomy":"product_tag","embeddable":true,"href":"https:\/\/beta.alpscigar.com\/en\/wp-json\/wp\/v2\/product_tag?post=64602"}],"curies":[{"name":"wp","href":"https:\/\/api.w.org\/{rel}","templated":true}]}}