{"id":64788,"date":"2022-04-28T13:48:24","date_gmt":"2022-04-28T12:48:24","guid":{"rendered":"https:\/\/alpscigar.com\/?post_type=product&#038;p=64788"},"modified":"2023-12-05T12:55:23","modified_gmt":"2023-12-05T11:55:23","slug":"clement-select-barrel","status":"publish","type":"product","link":"https:\/\/beta.alpscigar.com\/en\/shop\/alcools\/rhum\/clement\/clement-select-barrel\/","title":{"rendered":"Cl\u00e9ment Select Barrel"},"content":{"rendered":"<p>Cl\u00e9ment\u00a0Select Barrel\u00a0est un rhum ambr\u00e9 agricole de la Martinique \u00e9lev\u00e9 et vieilli durant un minimum de deux ann\u00e9es en f\u00fbts neufs Am\u00e9ricains. Ce rhum a remport\u00e9 la\u00a0m\u00e9daille d&rsquo;or\u00a02016 au Concours Mondial de Bruxelles !<\/p>\n<p>Issu d&rsquo;un assemblage de diff\u00e9rentes cuv\u00e9es savamment \u00e9labor\u00e9 par le Ma\u00eetre de Chai de la Maison, Cl\u00e9ment Select Barrel est un rhum qui affiche audacieusement son temp\u00e9rament.<\/p>\n<p>Pour la petite histoire, cette c\u00e9l\u00e8bre marque martiniquaise a d&rsquo;abord lanc\u00e9 ce nouveau rhum sur le march\u00e9 international -lancement couronn\u00e9 de succ\u00e8s- puisque le Select Barrel, par la richesse de son profil aromatique, a permis \u00e0 la marque Cl\u00e9ment d&rsquo;\u00eatre consid\u00e9r\u00e9e comme l&rsquo;une des 10 marques\u00a0les plus \u00ab\u00a0tendance\u00a0\u00bb au monde\u00a0! Une r\u00e9compense historique attribu\u00e9e par Drinks International et r\u00e9compensant pour la premi\u00e8re fois une marque fran\u00e7aise, productrice de rhum agricole.<\/p>\n<p>Un rhum de caract\u00e8re qui se distingue par l&rsquo;\u00e9l\u00e9gance de ses saveurs subtilement vanill\u00e9es. Son titrage \u00e0 40\u00b0conf\u00e8re \u00e0 ce rhum une d\u00e9licatesse qui permet de le d\u00e9guster de multiples fa\u00e7ons : en ti&rsquo;punch pour sublimer ce traditionnel cocktail antillais, pur -sec ou sur glace- pour r\u00e9v\u00e9ler avec \u00e9l\u00e9gance ses parfums, en cocktail pour vous \u00e9tourdir de plaisir&#8230;<\/p>\n<p>Un rhum qui devrait sans aucun doute r\u00e9jouir les nombreux fans de cette marque comme les\u00a0barmen\u00a0les plus audacieux.<\/p>\n<h4>NOTE DE D\u00c9GUSTATION<\/h4>\n<p><strong>Robe : <\/strong>Select Barrel d\u00e9voile une robe \u00e9l\u00e9gamment ambr\u00e9e.<strong><br \/>\nNez : <\/strong>Son nez r\u00e9v\u00e8le une belle richesse aromatique : mariage gourmand des effluves de vanille et de caramel, ponctu\u00e9 par la malice des \u00e9pices et la fra\u00eecheur des fruits verts.<br \/>\n<strong>Bouche : <\/strong>Lors de la d\u00e9gustation, les notes de canne \u00e0 sucre et de poivre se m\u00ealent dans une belle rondeur. Un profil aromatique encore assoupli par les saveurs de vanille.<br \/>\n<strong>Finale :<\/strong>La finale de ce Select Barrel affiche un profil plut\u00f4t sec o\u00f9 s&rsquo;harmonisent parfaitement notes bois\u00e9es et \u00e9pic\u00e9es.<\/p>\n<p><strong>M\u00e9dailles :<\/strong>\u00a0<span id=\"valeurs_attribut7_fiche_produit\" title=\"OR 2018 Concours Mondial de Bruxelles, Or 2018 Concours G\u00e9n\u00e9ral Agricole de Paris, Or 2017 Concours Mondial de Bruxelles, Argent 2017 Rhum Fest Paris, Or 2016 Concours Mondial des Spiritueux Bruxelles\">Or 2018 Concours Mondial de Bruxelles, Or 2018 Concours G\u00e9n\u00e9ral Agricole de Paris, Or 2017 Concours Mondial de Bruxelles, Argent 2017 Rhum Fest Paris, Or 2016 Concours Mondial des Spiritueux Bruxelles<\/span><\/p>","protected":false},"excerpt":{"rendered":"<p>1 bouteille de 70cl.<\/p>","protected":false},"featured_media":64787,"template":"","meta":{"_acf_changed":false},"product_cat":[25246,29744,29991],"product_tag":[],"bundled_by":[],"bundle_stock_status":"instock","bundle_stock_quantity":null,"bundle_virtual":false,"bundle_layout":"","bundle_add_to_cart_form_location":"","bundle_editable_in_cart":false,"bundle_sold_individually_context":"","bundle_item_grouping":"","bundle_min_size":"","bundle_max_size":"","bundled_items":[],"acf":[],"_links":{"self":[{"href":"https:\/\/beta.alpscigar.com\/en\/wp-json\/wp\/v2\/product\/64788"}],"collection":[{"href":"https:\/\/beta.alpscigar.com\/en\/wp-json\/wp\/v2\/product"}],"about":[{"href":"https:\/\/beta.alpscigar.com\/en\/wp-json\/wp\/v2\/types\/product"}],"wp:featuredmedia":[{"embeddable":true,"href":"https:\/\/beta.alpscigar.com\/en\/wp-json\/wp\/v2\/media\/64787"}],"wp:attachment":[{"href":"https:\/\/beta.alpscigar.com\/en\/wp-json\/wp\/v2\/media?parent=64788"}],"wp:term":[{"taxonomy":"product_cat","embeddable":true,"href":"https:\/\/beta.alpscigar.com\/en\/wp-json\/wp\/v2\/product_cat?post=64788"},{"taxonomy":"product_tag","embeddable":true,"href":"https:\/\/beta.alpscigar.com\/en\/wp-json\/wp\/v2\/product_tag?post=64788"}],"curies":[{"name":"wp","href":"https:\/\/api.w.org\/{rel}","templated":true}]}}