{"id":64806,"date":"2022-04-28T13:53:13","date_gmt":"2022-04-28T12:53:13","guid":{"rendered":"https:\/\/alpscigar.com\/?post_type=product&#038;p=64806"},"modified":"2023-11-02T14:58:46","modified_gmt":"2023-11-02T13:58:46","slug":"chartreuse-jaune-70-cl","status":"publish","type":"product","link":"https:\/\/beta.alpscigar.com\/en\/shop\/alcools\/liqueurs\/chartreuse\/chartreuse-jaune-70-cl\/","title":{"rendered":"Chartreuse Jaune 70 cl"},"content":{"rendered":"<p><strong>Cr\u00e9\u00e9e en 1840, La Chartreuse Jaune s\u2019inspire de la recette de l\u2019\u00c9lixir V\u00e9g\u00e9tal.<\/strong> Elle conna\u00eet un tel engouement que le P\u00e8re Garnier, procureur et responsable des liqueurs de l\u2019\u00e9poque, d\u00e9cide par la suite de la nommer officiellement Chartreuse Jaune et d\u00e9pose la marque \u201cChartreuse\u201d en 1852. C\u2019est une liqueur titrant 43\u00b0, \u00e9labor\u00e9e et fabriqu\u00e9e encore aujourd\u2019hui par les P\u00e8res Chartreux.<\/p>","protected":false},"excerpt":{"rendered":"<p><span>1 bouteille de 70 cl.<\/span><\/p>","protected":false},"featured_media":64805,"template":"","meta":{"_acf_changed":false},"product_cat":[25246,25248,25247],"product_tag":[],"bundled_by":[],"bundle_stock_status":"instock","bundle_stock_quantity":null,"bundle_virtual":false,"bundle_layout":"","bundle_add_to_cart_form_location":"","bundle_editable_in_cart":false,"bundle_sold_individually_context":"","bundle_item_grouping":"","bundle_min_size":"","bundle_max_size":"","bundled_items":[],"acf":[],"_links":{"self":[{"href":"https:\/\/beta.alpscigar.com\/en\/wp-json\/wp\/v2\/product\/64806"}],"collection":[{"href":"https:\/\/beta.alpscigar.com\/en\/wp-json\/wp\/v2\/product"}],"about":[{"href":"https:\/\/beta.alpscigar.com\/en\/wp-json\/wp\/v2\/types\/product"}],"wp:featuredmedia":[{"embeddable":true,"href":"https:\/\/beta.alpscigar.com\/en\/wp-json\/wp\/v2\/media\/64805"}],"wp:attachment":[{"href":"https:\/\/beta.alpscigar.com\/en\/wp-json\/wp\/v2\/media?parent=64806"}],"wp:term":[{"taxonomy":"product_cat","embeddable":true,"href":"https:\/\/beta.alpscigar.com\/en\/wp-json\/wp\/v2\/product_cat?post=64806"},{"taxonomy":"product_tag","embeddable":true,"href":"https:\/\/beta.alpscigar.com\/en\/wp-json\/wp\/v2\/product_tag?post=64806"}],"curies":[{"name":"wp","href":"https:\/\/api.w.org\/{rel}","templated":true}]}}