{"id":65146,"date":"2022-04-28T15:55:28","date_gmt":"2022-04-28T14:55:28","guid":{"rendered":"https:\/\/alpscigar.com\/?post_type=product&#038;p=65146"},"modified":"2023-11-27T13:16:13","modified_gmt":"2023-11-27T12:16:13","slug":"firstland-cuban-cut-de-table","status":"publish","type":"product","link":"https:\/\/beta.alpscigar.com\/en\/shop\/other\/firstland-cuban-cut-de-table\/","title":{"rendered":"Firstland Cuban Cut de Table"},"content":{"rendered":"<p><strong>Firstland Cuban Cut,<\/strong> coupe-cigare de table professionnel. Sp\u00e9cialement con\u00e7u pour la\u00a0<strong>coupe de cigares cubains<\/strong> comme les Belicosos, les Campanas, les Figurados et les Piramides. Vous pouvez \u00e9galement utiliser ce couteau pour les coupes droites de cigares avec jusqu&rsquo;\u00e0 une bague de 60 (diam\u00e8tre 23.62 mm).<\/p>","protected":false},"excerpt":{"rendered":"<p>1 coupe cigare de table.<\/p>","protected":false},"featured_media":0,"template":"","meta":{"_acf_changed":false},"product_cat":[627],"product_tag":[],"bundled_by":[],"bundle_stock_status":"instock","bundle_stock_quantity":null,"bundle_virtual":false,"bundle_layout":"","bundle_add_to_cart_form_location":"","bundle_editable_in_cart":false,"bundle_sold_individually_context":"","bundle_item_grouping":"","bundle_min_size":"","bundle_max_size":"","bundled_items":[],"acf":[],"_links":{"self":[{"href":"https:\/\/beta.alpscigar.com\/en\/wp-json\/wp\/v2\/product\/65146"}],"collection":[{"href":"https:\/\/beta.alpscigar.com\/en\/wp-json\/wp\/v2\/product"}],"about":[{"href":"https:\/\/beta.alpscigar.com\/en\/wp-json\/wp\/v2\/types\/product"}],"wp:attachment":[{"href":"https:\/\/beta.alpscigar.com\/en\/wp-json\/wp\/v2\/media?parent=65146"}],"wp:term":[{"taxonomy":"product_cat","embeddable":true,"href":"https:\/\/beta.alpscigar.com\/en\/wp-json\/wp\/v2\/product_cat?post=65146"},{"taxonomy":"product_tag","embeddable":true,"href":"https:\/\/beta.alpscigar.com\/en\/wp-json\/wp\/v2\/product_tag?post=65146"}],"curies":[{"name":"wp","href":"https:\/\/api.w.org\/{rel}","templated":true}]}}