{"id":65159,"date":"2022-04-28T16:01:28","date_gmt":"2022-04-28T15:01:28","guid":{"rendered":"https:\/\/alpscigar.com\/?post_type=product&#038;p=65159"},"modified":"2023-11-27T10:32:31","modified_gmt":"2023-11-27T09:32:31","slug":"davidoff-etui-a-cigares-xl-2-carbone","status":"publish","type":"product","link":"https:\/\/beta.alpscigar.com\/en\/shop\/cigars-accessories\/etuis-a-cigares\/davidoff-etuis-a-cigares\/davidoff-etui-a-cigares-xl-2-carbone\/","title":{"rendered":"Davidoff \u00c9tui \u00e0 cigares XL-2 Carbone"},"content":{"rendered":"<p><strong>ARTISANAT ET INNOVATION :<\/strong> fabriqu\u00e9s \u00e0 la main en Suisse, les nouveaux \u00e9tuis \u00e0 cigares <strong>Davidoff ALL CARBON<\/strong> sont disponibles en trois couleurs diff\u00e9rentes: noir naturel, rouge profond et bleu vif. Deux ann\u00e9es de recherche et d\u00e9veloppement ont \u00e9t\u00e9 n\u00e9cessaires pour d\u00e9velopper la <strong>technique innovante permettant d&rsquo;ajouter de la couleur \u00e0 la fibre de carbone.<\/strong><\/p>\n<p><strong>POUR TOUS LES CIGARES:<\/strong> disponibles pour deux ou trois cigares, les \u00e9tuis \u00e0 cigares <strong>Davidoff ALL CARBON<\/strong> sont r\u00e9glables en longueur et peuvent accueillir des cigares jusqu&rsquo;\u00e0 une bague de 60.<\/p>\n<p><strong>Mat\u00e9riau :<\/strong>\u00a0\u00a0fibre de carbone<\/p>\n<p><strong>Capacit\u00e9 :<\/strong> \u00a02 cigares (pour les cigares jusqu&rsquo;\u00e0 RG 60)<\/p>","protected":false},"excerpt":{"rendered":"<p>1 \u00e9tui en carbone pour 2 cigares.<\/p>","protected":false},"featured_media":65157,"template":"","meta":{"_acf_changed":false},"product_cat":[29759,29812,24638,16870],"product_tag":[],"bundled_by":[],"bundle_stock_status":"instock","bundle_stock_quantity":null,"bundle_virtual":false,"bundle_layout":"","bundle_add_to_cart_form_location":"","bundle_editable_in_cart":false,"bundle_sold_individually_context":"","bundle_item_grouping":"","bundle_min_size":"","bundle_max_size":"","bundled_items":[],"acf":[],"_links":{"self":[{"href":"https:\/\/beta.alpscigar.com\/en\/wp-json\/wp\/v2\/product\/65159"}],"collection":[{"href":"https:\/\/beta.alpscigar.com\/en\/wp-json\/wp\/v2\/product"}],"about":[{"href":"https:\/\/beta.alpscigar.com\/en\/wp-json\/wp\/v2\/types\/product"}],"wp:featuredmedia":[{"embeddable":true,"href":"https:\/\/beta.alpscigar.com\/en\/wp-json\/wp\/v2\/media\/65157"}],"wp:attachment":[{"href":"https:\/\/beta.alpscigar.com\/en\/wp-json\/wp\/v2\/media?parent=65159"}],"wp:term":[{"taxonomy":"product_cat","embeddable":true,"href":"https:\/\/beta.alpscigar.com\/en\/wp-json\/wp\/v2\/product_cat?post=65159"},{"taxonomy":"product_tag","embeddable":true,"href":"https:\/\/beta.alpscigar.com\/en\/wp-json\/wp\/v2\/product_tag?post=65159"}],"curies":[{"name":"wp","href":"https:\/\/api.w.org\/{rel}","templated":true}]}}