{"id":65232,"date":"2022-04-29T07:39:05","date_gmt":"2022-04-29T06:39:05","guid":{"rendered":"https:\/\/alpscigar.com\/?post_type=product&#038;p=65232"},"modified":"2023-11-15T22:30:11","modified_gmt":"2023-11-15T21:30:11","slug":"flor-de-selva-coleccion-aniversario-no-20-robusto-10","status":"publish","type":"product","link":"https:\/\/beta.alpscigar.com\/en\/shop\/honduran-cigars\/flor-de-selva\/flor-de-selva-coleccion-aniversario-no-20-robusto-10\/","title":{"rendered":"Flor de Selva Colecci\u00f3n Aniversario No. 20 Robusto (10)"},"content":{"rendered":"<p>Avec le Flor de Selva Colecci\u00f3n Aniversario No. 20 Robusto, le fumeur entreprend un voyage aromatique dans un paysage vivant, des lieux exotiques et un retour \u00e0 l&rsquo;\u00e9poque o\u00f9 les dieux et les hommes mayas enrichissaient leur vie en fumant des feuilles de tabac. L&rsquo;aficionado attend des nuances de cuir, de chocolat noir, de caf\u00e9 torr\u00e9fi\u00e9 et une pointe de poivre blanc qui s&rsquo;harmonisent avec des accents fins et sucr\u00e9s qui rappellent le miel d&rsquo;acacia.<\/p>","protected":false},"excerpt":{"rendered":"<p>Box of 10 cigars.<\/p>","protected":false},"featured_media":65230,"template":"","meta":{"_acf_changed":false},"product_cat":[25242,24791,25046],"product_tag":[],"bundled_by":[],"bundle_stock_status":"outofstock","bundle_stock_quantity":0,"bundle_virtual":false,"bundle_layout":"","bundle_add_to_cart_form_location":"","bundle_editable_in_cart":false,"bundle_sold_individually_context":"","bundle_item_grouping":"","bundle_min_size":"","bundle_max_size":"","bundled_items":[],"acf":[],"_links":{"self":[{"href":"https:\/\/beta.alpscigar.com\/en\/wp-json\/wp\/v2\/product\/65232"}],"collection":[{"href":"https:\/\/beta.alpscigar.com\/en\/wp-json\/wp\/v2\/product"}],"about":[{"href":"https:\/\/beta.alpscigar.com\/en\/wp-json\/wp\/v2\/types\/product"}],"wp:featuredmedia":[{"embeddable":true,"href":"https:\/\/beta.alpscigar.com\/en\/wp-json\/wp\/v2\/media\/65230"}],"wp:attachment":[{"href":"https:\/\/beta.alpscigar.com\/en\/wp-json\/wp\/v2\/media?parent=65232"}],"wp:term":[{"taxonomy":"product_cat","embeddable":true,"href":"https:\/\/beta.alpscigar.com\/en\/wp-json\/wp\/v2\/product_cat?post=65232"},{"taxonomy":"product_tag","embeddable":true,"href":"https:\/\/beta.alpscigar.com\/en\/wp-json\/wp\/v2\/product_tag?post=65232"}],"curies":[{"name":"wp","href":"https:\/\/api.w.org\/{rel}","templated":true}]}}