{"id":65269,"date":"2022-04-29T07:40:42","date_gmt":"2022-04-29T06:40:42","guid":{"rendered":"https:\/\/alpscigar.com\/?post_type=product&#038;p=65269"},"modified":"2023-08-31T14:43:07","modified_gmt":"2023-08-31T13:43:07","slug":"flor-de-selva-petit-cigares-20","status":"publish","type":"product","link":"https:\/\/beta.alpscigar.com\/en\/shop\/honduran-cigars\/flor-de-selva\/flor-de-selva-petit-cigares-20\/","title":{"rendered":"Flor de Selva Petit Cigares (20)"},"content":{"rendered":"<p>Le Flor de Selva Petit Cigares est un cigare cors\u00e9 et aromatique fabriqu\u00e9 uniquement \u00e0 partir de tabac hondurien. Il s&rsquo;agit de la premi\u00e8re cr\u00e9ation de Maria-Pia Selva qui est entr\u00e9e sur le march\u00e9 europ\u00e9en en 1994. La fran\u00e7aise aux racines honduriennes a le go\u00fbt des aficionados avec ce cigare plut\u00f4t doux qui renferme de beaux ar\u00f4mes torr\u00e9fi\u00e9s. Le Flor de Selva a \u00e9galement remport\u00e9 plusieurs prix.<\/p>\n<p>Le Flor de Selva a une \u00e9norme vari\u00e9t\u00e9 de vitola dans laquelle presque tout le monde trouvera son format pr\u00e9f\u00e9r\u00e9.<\/p>","protected":false},"excerpt":{"rendered":"<p><span>Box of 20 cigars.<\/span><\/p>","protected":false},"featured_media":65268,"template":"","meta":{"_acf_changed":false},"product_cat":[29739,25242,24791,25046],"product_tag":[],"bundled_by":[],"bundle_stock_status":"outofstock","bundle_stock_quantity":null,"bundle_virtual":false,"bundle_layout":"","bundle_add_to_cart_form_location":"","bundle_editable_in_cart":false,"bundle_sold_individually_context":"","bundle_item_grouping":"","bundle_min_size":"","bundle_max_size":"","bundled_items":[],"acf":[],"_links":{"self":[{"href":"https:\/\/beta.alpscigar.com\/en\/wp-json\/wp\/v2\/product\/65269"}],"collection":[{"href":"https:\/\/beta.alpscigar.com\/en\/wp-json\/wp\/v2\/product"}],"about":[{"href":"https:\/\/beta.alpscigar.com\/en\/wp-json\/wp\/v2\/types\/product"}],"wp:featuredmedia":[{"embeddable":true,"href":"https:\/\/beta.alpscigar.com\/en\/wp-json\/wp\/v2\/media\/65268"}],"wp:attachment":[{"href":"https:\/\/beta.alpscigar.com\/en\/wp-json\/wp\/v2\/media?parent=65269"}],"wp:term":[{"taxonomy":"product_cat","embeddable":true,"href":"https:\/\/beta.alpscigar.com\/en\/wp-json\/wp\/v2\/product_cat?post=65269"},{"taxonomy":"product_tag","embeddable":true,"href":"https:\/\/beta.alpscigar.com\/en\/wp-json\/wp\/v2\/product_tag?post=65269"}],"curies":[{"name":"wp","href":"https:\/\/api.w.org\/{rel}","templated":true}]}}