{"id":65311,"date":"2022-04-29T07:46:13","date_gmt":"2022-04-29T06:46:13","guid":{"rendered":"https:\/\/alpscigar.com\/?post_type=product&#038;p=65311"},"modified":"2023-10-21T19:35:14","modified_gmt":"2023-10-21T18:35:14","slug":"flor-de-selva-petit-corona-25","status":"publish","type":"product","link":"https:\/\/beta.alpscigar.com\/en\/shop\/honduran-cigars\/flor-de-selva\/flor-de-selva-petit-corona-25\/","title":{"rendered":"Flor de Selva Petit Corona (25)"},"content":{"rendered":"<p>Le Flor de Selva Petit Corona est bien roul\u00e9 dans une cape de qualit\u00e9, l&rsquo;allumage offre rapidement au palais un spectre aromatique floral et herbac\u00e9. La puissance ne se fait pas vraiment ressentir mais la vitole se laisse fumer agr\u00e9ablement, offrant en cours de d\u00e9gustation quelques ar\u00f4mes de cuir et de bois. Un cigare sans pr\u00e9tention.<\/p>","protected":false},"excerpt":{"rendered":"<p>Box of 25 cigars.<\/p>","protected":false},"featured_media":65309,"template":"","meta":{"_acf_changed":false},"product_cat":[25242,24791,25046],"product_tag":[],"bundled_by":[],"bundle_stock_status":"instock","bundle_stock_quantity":null,"bundle_virtual":false,"bundle_layout":"","bundle_add_to_cart_form_location":"","bundle_editable_in_cart":false,"bundle_sold_individually_context":"","bundle_item_grouping":"","bundle_min_size":"","bundle_max_size":"","bundled_items":[],"acf":[],"_links":{"self":[{"href":"https:\/\/beta.alpscigar.com\/en\/wp-json\/wp\/v2\/product\/65311"}],"collection":[{"href":"https:\/\/beta.alpscigar.com\/en\/wp-json\/wp\/v2\/product"}],"about":[{"href":"https:\/\/beta.alpscigar.com\/en\/wp-json\/wp\/v2\/types\/product"}],"wp:featuredmedia":[{"embeddable":true,"href":"https:\/\/beta.alpscigar.com\/en\/wp-json\/wp\/v2\/media\/65309"}],"wp:attachment":[{"href":"https:\/\/beta.alpscigar.com\/en\/wp-json\/wp\/v2\/media?parent=65311"}],"wp:term":[{"taxonomy":"product_cat","embeddable":true,"href":"https:\/\/beta.alpscigar.com\/en\/wp-json\/wp\/v2\/product_cat?post=65311"},{"taxonomy":"product_tag","embeddable":true,"href":"https:\/\/beta.alpscigar.com\/en\/wp-json\/wp\/v2\/product_tag?post=65311"}],"curies":[{"name":"wp","href":"https:\/\/api.w.org\/{rel}","templated":true}]}}