{"id":65393,"date":"2022-04-29T08:19:08","date_gmt":"2022-04-29T07:19:08","guid":{"rendered":"https:\/\/alpscigar.com\/?post_type=product&#038;p=65393"},"modified":"2023-09-26T14:39:07","modified_gmt":"2023-09-26T13:39:07","slug":"furia-megaera","status":"publish","type":"product","link":"https:\/\/beta.alpscigar.com\/en\/shop\/nicaraguan-cigars\/furia\/furia-megaera\/","title":{"rendered":"Furia Megaera"},"content":{"rendered":"<p>Furia Megaera.\u00a0<strong>Ce toro magnifiquement emball\u00e9 d\u2019une cape maduro<\/strong> nous s\u00e9duit au premier coup d\u2019\u0153il. La puissance se montre plus \u00e9volutive que pour son petit fr\u00e8re l\u2019Alecto, sans toutefois devenir trop envahissante. Le 1er tiers offre des ar\u00f4mes bois\u00e9s et d\u2019herbe fraichement coup\u00e9e. Ceux-ci laisseront peu \u00e0 peu place \u00e0 des notes plus mielleuses et \u00e9pic\u00e9es. <strong>Le bouquet final est rassasiant et parfaitement \u00e9quilibr\u00e9.<\/strong><\/p>\n<p>Box of 10 cigars.<\/p>","protected":false},"excerpt":{"rendered":"<p>Furia Megaera.\u00a0Bo\u00eete de 10 cigares.<\/p>","protected":false},"featured_media":65391,"template":"","meta":{"_acf_changed":false},"product_cat":[29829,24791,24035],"product_tag":[],"bundled_by":[],"bundle_stock_status":"outofstock","bundle_stock_quantity":0,"bundle_virtual":false,"bundle_layout":"","bundle_add_to_cart_form_location":"","bundle_editable_in_cart":false,"bundle_sold_individually_context":"","bundle_item_grouping":"","bundle_min_size":"","bundle_max_size":"","bundled_items":[],"acf":[],"_links":{"self":[{"href":"https:\/\/beta.alpscigar.com\/en\/wp-json\/wp\/v2\/product\/65393"}],"collection":[{"href":"https:\/\/beta.alpscigar.com\/en\/wp-json\/wp\/v2\/product"}],"about":[{"href":"https:\/\/beta.alpscigar.com\/en\/wp-json\/wp\/v2\/types\/product"}],"wp:featuredmedia":[{"embeddable":true,"href":"https:\/\/beta.alpscigar.com\/en\/wp-json\/wp\/v2\/media\/65391"}],"wp:attachment":[{"href":"https:\/\/beta.alpscigar.com\/en\/wp-json\/wp\/v2\/media?parent=65393"}],"wp:term":[{"taxonomy":"product_cat","embeddable":true,"href":"https:\/\/beta.alpscigar.com\/en\/wp-json\/wp\/v2\/product_cat?post=65393"},{"taxonomy":"product_tag","embeddable":true,"href":"https:\/\/beta.alpscigar.com\/en\/wp-json\/wp\/v2\/product_tag?post=65393"}],"curies":[{"name":"wp","href":"https:\/\/api.w.org\/{rel}","templated":true}]}}