{"id":65478,"date":"2022-04-29T08:38:44","date_gmt":"2022-04-29T07:38:44","guid":{"rendered":"https:\/\/alpscigar.com\/?post_type=product&#038;p=65478"},"modified":"2023-12-12T17:03:23","modified_gmt":"2023-12-12T16:03:23","slug":"griffins-short-robusto-box-25","status":"publish","type":"product","link":"https:\/\/beta.alpscigar.com\/en\/shop\/dominican-cigars\/griffins\/griffins-short-robusto-box-25\/","title":{"rendered":"Griffins Short Robusto box (25)"},"content":{"rendered":"<p><span>Le Griffins Short Robusto est un r\u00e9gal pour tous les connaisseurs qui veulent adoucir la courte pause avec un cigare doux, cr\u00e9meux et \u00e9pic\u00e9. <\/span><span>Notes de c\u00e8dre, accompagn\u00e9es d&rsquo;une douceur miell\u00e9e d\u00e9licate, terreuse, \u00e9pic\u00e9e et cr\u00e9meuse.<\/span><\/p>","protected":false},"excerpt":{"rendered":"<p>Box of 25 cigars.<\/p>","protected":false},"featured_media":65476,"template":"","meta":{"_acf_changed":false},"product_cat":[29841,24791,21990,24719,23555],"product_tag":[],"bundled_by":[],"bundle_stock_status":"instock","bundle_stock_quantity":null,"bundle_virtual":false,"bundle_layout":"","bundle_add_to_cart_form_location":"","bundle_editable_in_cart":false,"bundle_sold_individually_context":"","bundle_item_grouping":"","bundle_min_size":"","bundle_max_size":"","bundled_items":[],"acf":[],"_links":{"self":[{"href":"https:\/\/beta.alpscigar.com\/en\/wp-json\/wp\/v2\/product\/65478"}],"collection":[{"href":"https:\/\/beta.alpscigar.com\/en\/wp-json\/wp\/v2\/product"}],"about":[{"href":"https:\/\/beta.alpscigar.com\/en\/wp-json\/wp\/v2\/types\/product"}],"wp:featuredmedia":[{"embeddable":true,"href":"https:\/\/beta.alpscigar.com\/en\/wp-json\/wp\/v2\/media\/65476"}],"wp:attachment":[{"href":"https:\/\/beta.alpscigar.com\/en\/wp-json\/wp\/v2\/media?parent=65478"}],"wp:term":[{"taxonomy":"product_cat","embeddable":true,"href":"https:\/\/beta.alpscigar.com\/en\/wp-json\/wp\/v2\/product_cat?post=65478"},{"taxonomy":"product_tag","embeddable":true,"href":"https:\/\/beta.alpscigar.com\/en\/wp-json\/wp\/v2\/product_tag?post=65478"}],"curies":[{"name":"wp","href":"https:\/\/api.w.org\/{rel}","templated":true}]}}