{"id":65496,"date":"2022-04-29T08:42:42","date_gmt":"2022-04-29T07:42:42","guid":{"rendered":"https:\/\/alpscigar.com\/?post_type=product&#038;p=65496"},"modified":"2023-11-28T11:05:19","modified_gmt":"2023-11-28T10:05:19","slug":"griffins-gran-robusto-25","status":"publish","type":"product","link":"https:\/\/beta.alpscigar.com\/en\/shop\/dominican-cigars\/griffins\/griffins-gran-robusto-25\/","title":{"rendered":"Griffins Gran Robusto (25)"},"content":{"rendered":"<p>Avec le nouveau The Griffins Gran Robusto, Griffins souligne son importance pour les jeunes amateurs de cigares et apporte un nouveau format moderne sur le march\u00e9.<\/p>\n<p>M\u00eame le cigare froid laisse une agr\u00e9able amertume avec des ar\u00f4mes de terre s\u00e8che et de bois sur les l\u00e8vres. D\u00e8s que le Griffins Gran Robusto est allum\u00e9, des notes d&rsquo;herbe verte et de bois humide se d\u00e9veloppent, rappelant une promenade dans une for\u00eat verte apr\u00e8s de fortes pluies. Dans le deuxi\u00e8me et le dernier tiers, les ar\u00f4mes sont plus complexes et le cigare est plus rond en finale.<\/p>","protected":false},"excerpt":{"rendered":"<p>Box of 25 cigars.<\/p>","protected":false},"featured_media":65494,"template":"","meta":{"_acf_changed":false},"product_cat":[29841,24791,21990,24719,23555],"product_tag":[],"bundled_by":[],"bundle_stock_status":"instock","bundle_stock_quantity":null,"bundle_virtual":false,"bundle_layout":"","bundle_add_to_cart_form_location":"","bundle_editable_in_cart":false,"bundle_sold_individually_context":"","bundle_item_grouping":"","bundle_min_size":"","bundle_max_size":"","bundled_items":[],"acf":[],"_links":{"self":[{"href":"https:\/\/beta.alpscigar.com\/en\/wp-json\/wp\/v2\/product\/65496"}],"collection":[{"href":"https:\/\/beta.alpscigar.com\/en\/wp-json\/wp\/v2\/product"}],"about":[{"href":"https:\/\/beta.alpscigar.com\/en\/wp-json\/wp\/v2\/types\/product"}],"wp:featuredmedia":[{"embeddable":true,"href":"https:\/\/beta.alpscigar.com\/en\/wp-json\/wp\/v2\/media\/65494"}],"wp:attachment":[{"href":"https:\/\/beta.alpscigar.com\/en\/wp-json\/wp\/v2\/media?parent=65496"}],"wp:term":[{"taxonomy":"product_cat","embeddable":true,"href":"https:\/\/beta.alpscigar.com\/en\/wp-json\/wp\/v2\/product_cat?post=65496"},{"taxonomy":"product_tag","embeddable":true,"href":"https:\/\/beta.alpscigar.com\/en\/wp-json\/wp\/v2\/product_tag?post=65496"}],"curies":[{"name":"wp","href":"https:\/\/api.w.org\/{rel}","templated":true}]}}