{"id":65499,"date":"2022-04-29T08:42:45","date_gmt":"2022-04-29T07:42:45","guid":{"rendered":"https:\/\/alpscigar.com\/?post_type=product&#038;p=65499"},"modified":"2023-11-28T11:06:17","modified_gmt":"2023-11-28T10:06:17","slug":"griffins-privilege-cello-box-25","status":"publish","type":"product","link":"https:\/\/beta.alpscigar.com\/en\/shop\/dominican-cigars\/griffins\/griffins-privilege-cello-box-25\/","title":{"rendered":"Griffins Privil\u00e8ge cello box (25)"},"content":{"rendered":"<p>Le Griffins Privil\u00e8ge cello box est un beau petit cigare qui donne une bonne impression. L&#8217;embrassement laisse transpara\u00eetre des notes herbac\u00e9es, proches des senteurs de campagne en \u00e9t\u00e9. Cette agr\u00e9able dominante de foin et de fleurs s\u00e9ch\u00e9es \u00e9volue \u00e0 mi-parcours vers des ar\u00f4mes plus \u00e9pic\u00e9s, de poivre et de piment. Un cigare offrant une bonne tenue g\u00e9n\u00e9rale qui ne manque ni de charme ni de personnalit\u00e9.<\/p>","protected":false},"excerpt":{"rendered":"<p>Box of 25 cigars.<\/p>","protected":false},"featured_media":65497,"template":"","meta":{"_acf_changed":false},"product_cat":[29841,24791,21990,24719,23555],"product_tag":[],"bundled_by":[],"bundle_stock_status":"instock","bundle_stock_quantity":null,"bundle_virtual":false,"bundle_layout":"","bundle_add_to_cart_form_location":"","bundle_editable_in_cart":false,"bundle_sold_individually_context":"","bundle_item_grouping":"","bundle_min_size":"","bundle_max_size":"","bundled_items":[],"acf":[],"_links":{"self":[{"href":"https:\/\/beta.alpscigar.com\/en\/wp-json\/wp\/v2\/product\/65499"}],"collection":[{"href":"https:\/\/beta.alpscigar.com\/en\/wp-json\/wp\/v2\/product"}],"about":[{"href":"https:\/\/beta.alpscigar.com\/en\/wp-json\/wp\/v2\/types\/product"}],"wp:featuredmedia":[{"embeddable":true,"href":"https:\/\/beta.alpscigar.com\/en\/wp-json\/wp\/v2\/media\/65497"}],"wp:attachment":[{"href":"https:\/\/beta.alpscigar.com\/en\/wp-json\/wp\/v2\/media?parent=65499"}],"wp:term":[{"taxonomy":"product_cat","embeddable":true,"href":"https:\/\/beta.alpscigar.com\/en\/wp-json\/wp\/v2\/product_cat?post=65499"},{"taxonomy":"product_tag","embeddable":true,"href":"https:\/\/beta.alpscigar.com\/en\/wp-json\/wp\/v2\/product_tag?post=65499"}],"curies":[{"name":"wp","href":"https:\/\/api.w.org\/{rel}","templated":true}]}}