{"id":65506,"date":"2022-04-29T08:45:34","date_gmt":"2022-04-29T07:45:34","guid":{"rendered":"https:\/\/alpscigar.com\/?post_type=product&#038;p=65506"},"modified":"2023-11-28T11:06:54","modified_gmt":"2023-11-28T10:06:54","slug":"griffins-robusto-cello-box-25","status":"publish","type":"product","link":"https:\/\/beta.alpscigar.com\/en\/shop\/dominican-cigars\/griffins\/griffins-robusto-cello-box-25\/","title":{"rendered":"Griffins Robusto cello box (25)"},"content":{"rendered":"<p>A l&rsquo;allumage, le Griffins Robusto cello box contient un peu de piquant qui r\u00e9v\u00e8le sa personnalit\u00e9, des notes herbac\u00e9es, voire m\u00eame de menthe poivr\u00e9e, \u00e9voluant vers une consistance cr\u00e9meuse, sucr\u00e9e, l\u00e9g\u00e8rement chocolat\u00e9e.<\/p>","protected":false},"excerpt":{"rendered":"<p>Box of 25 cigars.<\/p>","protected":false},"featured_media":65503,"template":"","meta":{"_acf_changed":false},"product_cat":[29841,24791,21990,24719,23555],"product_tag":[],"bundled_by":[],"bundle_stock_status":"instock","bundle_stock_quantity":null,"bundle_virtual":false,"bundle_layout":"","bundle_add_to_cart_form_location":"","bundle_editable_in_cart":false,"bundle_sold_individually_context":"","bundle_item_grouping":"","bundle_min_size":"","bundle_max_size":"","bundled_items":[],"acf":[],"_links":{"self":[{"href":"https:\/\/beta.alpscigar.com\/en\/wp-json\/wp\/v2\/product\/65506"}],"collection":[{"href":"https:\/\/beta.alpscigar.com\/en\/wp-json\/wp\/v2\/product"}],"about":[{"href":"https:\/\/beta.alpscigar.com\/en\/wp-json\/wp\/v2\/types\/product"}],"wp:featuredmedia":[{"embeddable":true,"href":"https:\/\/beta.alpscigar.com\/en\/wp-json\/wp\/v2\/media\/65503"}],"wp:attachment":[{"href":"https:\/\/beta.alpscigar.com\/en\/wp-json\/wp\/v2\/media?parent=65506"}],"wp:term":[{"taxonomy":"product_cat","embeddable":true,"href":"https:\/\/beta.alpscigar.com\/en\/wp-json\/wp\/v2\/product_cat?post=65506"},{"taxonomy":"product_tag","embeddable":true,"href":"https:\/\/beta.alpscigar.com\/en\/wp-json\/wp\/v2\/product_tag?post=65506"}],"curies":[{"name":"wp","href":"https:\/\/api.w.org\/{rel}","templated":true}]}}