{"id":65513,"date":"2022-04-29T08:45:41","date_gmt":"2022-04-29T07:45:41","guid":{"rendered":"https:\/\/alpscigar.com\/?post_type=product&#038;p=65513"},"modified":"2023-11-28T11:07:12","modified_gmt":"2023-11-28T10:07:12","slug":"griffins-piramides-box-25","status":"publish","type":"product","link":"https:\/\/beta.alpscigar.com\/en\/shop\/dominican-cigars\/griffins\/griffins-piramides-box-25\/","title":{"rendered":"Griffins Piramides box (25)"},"content":{"rendered":"<p>Le Griffins Piramides box est un cigare dodu et soign\u00e9. Les premiers pas sont assez forts et piquants. La vitole s&rsquo;assouplit rapidement mais conserve une puissance de bon niveau, Les notes sont franches, bois\u00e9es et terreuses. Une pi\u00e8ce corpulente et \u00e9quilibr\u00e9e que l&rsquo;on d\u00e9guste avec plaisir, et ce jusqu&rsquo;au final.<\/p>","protected":false},"excerpt":{"rendered":"<p>Box of 25 cigars.<\/p>","protected":false},"featured_media":65511,"template":"","meta":{"_acf_changed":false},"product_cat":[29841,24791,21990,24719,23555],"product_tag":[],"bundled_by":[],"bundle_stock_status":"instock","bundle_stock_quantity":null,"bundle_virtual":false,"bundle_layout":"","bundle_add_to_cart_form_location":"","bundle_editable_in_cart":false,"bundle_sold_individually_context":"","bundle_item_grouping":"","bundle_min_size":"","bundle_max_size":"","bundled_items":[],"acf":[],"_links":{"self":[{"href":"https:\/\/beta.alpscigar.com\/en\/wp-json\/wp\/v2\/product\/65513"}],"collection":[{"href":"https:\/\/beta.alpscigar.com\/en\/wp-json\/wp\/v2\/product"}],"about":[{"href":"https:\/\/beta.alpscigar.com\/en\/wp-json\/wp\/v2\/types\/product"}],"wp:featuredmedia":[{"embeddable":true,"href":"https:\/\/beta.alpscigar.com\/en\/wp-json\/wp\/v2\/media\/65511"}],"wp:attachment":[{"href":"https:\/\/beta.alpscigar.com\/en\/wp-json\/wp\/v2\/media?parent=65513"}],"wp:term":[{"taxonomy":"product_cat","embeddable":true,"href":"https:\/\/beta.alpscigar.com\/en\/wp-json\/wp\/v2\/product_cat?post=65513"},{"taxonomy":"product_tag","embeddable":true,"href":"https:\/\/beta.alpscigar.com\/en\/wp-json\/wp\/v2\/product_tag?post=65513"}],"curies":[{"name":"wp","href":"https:\/\/api.w.org\/{rel}","templated":true}]}}