{"id":65524,"date":"2022-04-29T08:47:52","date_gmt":"2022-04-29T07:47:52","guid":{"rendered":"https:\/\/alpscigar.com\/?post_type=product&#038;p=65524"},"modified":"2023-11-28T11:11:41","modified_gmt":"2023-11-28T10:11:41","slug":"griffins-prestige-cello-etui-4","status":"publish","type":"product","link":"https:\/\/beta.alpscigar.com\/en\/shop\/dominican-cigars\/griffins\/griffins-prestige-cello-etui-4\/","title":{"rendered":"Griffins Prestige cello etui (4)"},"content":{"rendered":"<p>Le Griffins Prestige cello etui est une belle vitole qui se pr\u00e9sente \u00e0 la cape soyeuse et grasse. L&rsquo;allumage d\u00e9bute tout en douceur et en l\u00e9g\u00e8ret\u00e9. Des notes bois\u00e9es font rapidement leurs apparitions suivies de nuances d&rsquo;amandes grill\u00e9es. Une puissance correcte v\u00e9hiculant une palette aromatique int\u00e9ressante.<\/p>","protected":false},"excerpt":{"rendered":"<p>Case of 4 cigars.<\/p>","protected":false},"featured_media":65522,"template":"","meta":{"_acf_changed":false},"product_cat":[29841,24791,21990,24719,23555],"product_tag":[],"bundled_by":[],"bundle_stock_status":"instock","bundle_stock_quantity":null,"bundle_virtual":false,"bundle_layout":"","bundle_add_to_cart_form_location":"","bundle_editable_in_cart":false,"bundle_sold_individually_context":"","bundle_item_grouping":"","bundle_min_size":"","bundle_max_size":"","bundled_items":[],"acf":[],"_links":{"self":[{"href":"https:\/\/beta.alpscigar.com\/en\/wp-json\/wp\/v2\/product\/65524"}],"collection":[{"href":"https:\/\/beta.alpscigar.com\/en\/wp-json\/wp\/v2\/product"}],"about":[{"href":"https:\/\/beta.alpscigar.com\/en\/wp-json\/wp\/v2\/types\/product"}],"wp:featuredmedia":[{"embeddable":true,"href":"https:\/\/beta.alpscigar.com\/en\/wp-json\/wp\/v2\/media\/65522"}],"wp:attachment":[{"href":"https:\/\/beta.alpscigar.com\/en\/wp-json\/wp\/v2\/media?parent=65524"}],"wp:term":[{"taxonomy":"product_cat","embeddable":true,"href":"https:\/\/beta.alpscigar.com\/en\/wp-json\/wp\/v2\/product_cat?post=65524"},{"taxonomy":"product_tag","embeddable":true,"href":"https:\/\/beta.alpscigar.com\/en\/wp-json\/wp\/v2\/product_tag?post=65524"}],"curies":[{"name":"wp","href":"https:\/\/api.w.org\/{rel}","templated":true}]}}