{"id":65535,"date":"2022-04-29T08:48:29","date_gmt":"2022-04-29T07:48:29","guid":{"rendered":"https:\/\/alpscigar.com\/?post_type=product&#038;p=65535"},"modified":"2023-11-28T11:09:33","modified_gmt":"2023-11-28T10:09:33","slug":"griffins-short-robusto-etui-4","status":"publish","type":"product","link":"https:\/\/beta.alpscigar.com\/en\/shop\/dominican-cigars\/griffins\/griffins-short-robusto-etui-4\/","title":{"rendered":"Griffins Short Robusto etui (4)"},"content":{"rendered":"<p>Le Griffins Short Robusto est un r\u00e9gal pour tous les connaisseurs qui veulent adoucir la courte pause avec un cigare doux, cr\u00e9meux et \u00e9pic\u00e9.\u00a0Notes de c\u00e8dre, accompagn\u00e9es d\u2019une douceur miell\u00e9e d\u00e9licate, terreuse, \u00e9pic\u00e9e et cr\u00e9meuse.<\/p>","protected":false},"excerpt":{"rendered":"<p>Case of 4 cigars.<\/p>","protected":false},"featured_media":65532,"template":"","meta":{"_acf_changed":false},"product_cat":[29841,24791,21990,24719,23555],"product_tag":[],"bundled_by":[],"bundle_stock_status":"instock","bundle_stock_quantity":null,"bundle_virtual":false,"bundle_layout":"","bundle_add_to_cart_form_location":"","bundle_editable_in_cart":false,"bundle_sold_individually_context":"","bundle_item_grouping":"","bundle_min_size":"","bundle_max_size":"","bundled_items":[],"acf":[],"_links":{"self":[{"href":"https:\/\/beta.alpscigar.com\/en\/wp-json\/wp\/v2\/product\/65535"}],"collection":[{"href":"https:\/\/beta.alpscigar.com\/en\/wp-json\/wp\/v2\/product"}],"about":[{"href":"https:\/\/beta.alpscigar.com\/en\/wp-json\/wp\/v2\/types\/product"}],"wp:featuredmedia":[{"embeddable":true,"href":"https:\/\/beta.alpscigar.com\/en\/wp-json\/wp\/v2\/media\/65532"}],"wp:attachment":[{"href":"https:\/\/beta.alpscigar.com\/en\/wp-json\/wp\/v2\/media?parent=65535"}],"wp:term":[{"taxonomy":"product_cat","embeddable":true,"href":"https:\/\/beta.alpscigar.com\/en\/wp-json\/wp\/v2\/product_cat?post=65535"},{"taxonomy":"product_tag","embeddable":true,"href":"https:\/\/beta.alpscigar.com\/en\/wp-json\/wp\/v2\/product_tag?post=65535"}],"curies":[{"name":"wp","href":"https:\/\/api.w.org\/{rel}","templated":true}]}}