{"id":65564,"date":"2022-04-29T08:59:56","date_gmt":"2022-04-29T07:59:56","guid":{"rendered":"https:\/\/alpscigar.com\/?post_type=product&#038;p=65564"},"modified":"2023-08-31T14:22:30","modified_gmt":"2023-08-31T13:22:30","slug":"hiram-solomon-cigars-traveling-man-sumatra-robusto-20","status":"publish","type":"product","link":"https:\/\/beta.alpscigar.com\/en\/shop\/nicaraguan-cigars\/hiram-solomon\/traveling-man\/hiram-solomon-cigars-traveling-man-sumatra-robusto-20\/","title":{"rendered":"Hiram &amp; Solomon Cigars Traveling Man Sumatra Robusto (20)"},"content":{"rendered":"<p><span>Le cigare Hiram &amp; Solomon Cigars Traveling Man Sumatra Robusto est un m\u00e9lange de corps moyen qui est magistralement envelopp\u00e9 dans une cape soyeuse de Sumatra de l&rsquo;\u00eele d&rsquo;Indon\u00e9sie. La fum\u00e9e \u00e9paisse est riche en ar\u00f4me avec un soup\u00e7on d&rsquo;\u00e9pices et de caf\u00e9 en bouche.\u00a0La finition est douce et subtile alors qu&rsquo;une texture cr\u00e9meuse se m\u00eale \u00e0 des notes de cuir de cacao.<\/span><\/p>","protected":false},"excerpt":{"rendered":"<p>Box of 20 cigars.<\/p>","protected":false},"featured_media":65561,"template":"","meta":{"_acf_changed":false},"product_cat":[29859,30028,24791,24638,24035],"product_tag":[],"bundled_by":[],"bundle_stock_status":"instock","bundle_stock_quantity":null,"bundle_virtual":false,"bundle_layout":"","bundle_add_to_cart_form_location":"","bundle_editable_in_cart":false,"bundle_sold_individually_context":"","bundle_item_grouping":"","bundle_min_size":"","bundle_max_size":"","bundled_items":[],"acf":[],"_links":{"self":[{"href":"https:\/\/beta.alpscigar.com\/en\/wp-json\/wp\/v2\/product\/65564"}],"collection":[{"href":"https:\/\/beta.alpscigar.com\/en\/wp-json\/wp\/v2\/product"}],"about":[{"href":"https:\/\/beta.alpscigar.com\/en\/wp-json\/wp\/v2\/types\/product"}],"wp:featuredmedia":[{"embeddable":true,"href":"https:\/\/beta.alpscigar.com\/en\/wp-json\/wp\/v2\/media\/65561"}],"wp:attachment":[{"href":"https:\/\/beta.alpscigar.com\/en\/wp-json\/wp\/v2\/media?parent=65564"}],"wp:term":[{"taxonomy":"product_cat","embeddable":true,"href":"https:\/\/beta.alpscigar.com\/en\/wp-json\/wp\/v2\/product_cat?post=65564"},{"taxonomy":"product_tag","embeddable":true,"href":"https:\/\/beta.alpscigar.com\/en\/wp-json\/wp\/v2\/product_tag?post=65564"}],"curies":[{"name":"wp","href":"https:\/\/api.w.org\/{rel}","templated":true}]}}