{"id":65625,"date":"2022-04-29T09:10:42","date_gmt":"2022-04-29T08:10:42","guid":{"rendered":"https:\/\/alpscigar.com\/?post_type=product&#038;p=65625"},"modified":"2023-09-08T10:25:46","modified_gmt":"2023-09-08T09:25:46","slug":"horacio-colosso-edition-especial-hb-15","status":"publish","type":"product","link":"https:\/\/beta.alpscigar.com\/en\/shop\/nicaraguan-cigars\/horacio\/horacio-edicion-especial\/horacio-colosso-edition-especial-hb-15\/","title":{"rendered":"Horacio Colosso edition especial HB (15)"},"content":{"rendered":"<p>Sans concession, cette vitole Maduro est parfaitement bien remplie et tr\u00e8s bien construite. <strong>Sa cape luisante et grasse<\/strong> laisse de quoi pr\u00e9sager un tr\u00e8s bon moment en sa compagnie.<\/p>\n<p>A cru, des senteurs de sous-bois et d\u2019humus sont \u00e9paul\u00e9es par des notes plus torr\u00e9fi\u00e9es nous renvoyant aux ar\u00f4mes de caf\u00e9 de notre enfance.<\/p>\n<p>S\u2019arrondissant au fur et \u00e0 mesure de sa d\u00e9gustation, des touches plus beurr\u00e9es font leur apparition et caressent d\u00e9licatement le palais. La longueur en bouche est gourmande et rassasiante, nous conduisant \u00e0 nous br\u00fbler les doigts tant l&rsquo;envie de le consommer jusqu&rsquo;au bout nous guette.<br \/>\n<strong>Sans conteste, L&rsquo;Horacio Colosso edicion especial HB est une des plus belles r\u00e9ussites dans ce format.<\/strong><\/p>\n<p>Bo\u00eete de 15 cigares.<\/p>","protected":false},"excerpt":{"rendered":"<p><strong>Horacio Colosso edition especial HB. <\/strong>Bo\u00eete de 15 cigares.<\/p>","protected":false},"featured_media":65621,"template":"","meta":{"_acf_changed":false},"product_cat":[29796,24791,24035,25063,16772],"product_tag":[],"bundled_by":[],"bundle_stock_status":"instock","bundle_stock_quantity":null,"bundle_virtual":false,"bundle_layout":"","bundle_add_to_cart_form_location":"","bundle_editable_in_cart":false,"bundle_sold_individually_context":"","bundle_item_grouping":"","bundle_min_size":"","bundle_max_size":"","bundled_items":[],"acf":[],"_links":{"self":[{"href":"https:\/\/beta.alpscigar.com\/en\/wp-json\/wp\/v2\/product\/65625"}],"collection":[{"href":"https:\/\/beta.alpscigar.com\/en\/wp-json\/wp\/v2\/product"}],"about":[{"href":"https:\/\/beta.alpscigar.com\/en\/wp-json\/wp\/v2\/types\/product"}],"wp:featuredmedia":[{"embeddable":true,"href":"https:\/\/beta.alpscigar.com\/en\/wp-json\/wp\/v2\/media\/65621"}],"wp:attachment":[{"href":"https:\/\/beta.alpscigar.com\/en\/wp-json\/wp\/v2\/media?parent=65625"}],"wp:term":[{"taxonomy":"product_cat","embeddable":true,"href":"https:\/\/beta.alpscigar.com\/en\/wp-json\/wp\/v2\/product_cat?post=65625"},{"taxonomy":"product_tag","embeddable":true,"href":"https:\/\/beta.alpscigar.com\/en\/wp-json\/wp\/v2\/product_tag?post=65625"}],"curies":[{"name":"wp","href":"https:\/\/api.w.org\/{rel}","templated":true}]}}