{"id":65630,"date":"2022-04-29T09:14:15","date_gmt":"2022-04-29T08:14:15","guid":{"rendered":"https:\/\/alpscigar.com\/?post_type=product&#038;p=65630"},"modified":"2023-08-31T14:28:10","modified_gmt":"2023-08-31T13:28:10","slug":"horacio-0-15","status":"publish","type":"product","link":"https:\/\/beta.alpscigar.com\/en\/shop\/nicaraguan-cigars\/horacio\/horacio-classic-series\/horacio-0-15\/","title":{"rendered":"Horacio 0 (15)"},"content":{"rendered":"<p><strong>Cet imposant Magnum Gordo de 178 mm<\/strong> ravira tous les aficionados de vitoles hors normes. Envelopp\u00e9e dans une magnifique cape, l&rsquo;Horacio 0 d\u00e9gage des touches de cuir tannique et de poivre avec quelques notes d\u2019herbes s\u00e8ches.<\/p>\n<p>L&#8217;embrassement prend du temps, <strong>un Goliath de cette ampleur ne doit pas \u00eatre violent\u00e9.<\/strong> Les premi\u00e8res volutes de cette vitole combinent en bouche un \u00e9quilibre d&rsquo;\u00e9pices douces et de poivre blanc. Le tirage offre de larges volutes de fum\u00e9e, rassasiant vos papilles. \u00c9voluant d\u00e9licatement, les ar\u00f4mes sont subtiles, un registre l\u00e9g\u00e8rement terreux s&rsquo;installe lors du second tiers. <strong>Le final condense des ar\u00f4mes de chocolat noir et de bois pr\u00e9cieux.<\/strong> Une symphonie aromatique conduite d&rsquo;une main de ma\u00eetre.<\/p>\n<p>Bo\u00eete de 15 cigares.<\/p>","protected":false},"excerpt":{"rendered":"<p>Horacio 0, magnum gordo de 178 mm<strong>. <\/strong>Bo\u00eete de 15 cigares.<\/p>","protected":false},"featured_media":65626,"template":"","meta":{"_acf_changed":false},"product_cat":[29743,24791,24035,25063],"product_tag":[],"bundled_by":[],"bundle_stock_status":"instock","bundle_stock_quantity":null,"bundle_virtual":false,"bundle_layout":"","bundle_add_to_cart_form_location":"","bundle_editable_in_cart":false,"bundle_sold_individually_context":"","bundle_item_grouping":"","bundle_min_size":"","bundle_max_size":"","bundled_items":[],"acf":[],"_links":{"self":[{"href":"https:\/\/beta.alpscigar.com\/en\/wp-json\/wp\/v2\/product\/65630"}],"collection":[{"href":"https:\/\/beta.alpscigar.com\/en\/wp-json\/wp\/v2\/product"}],"about":[{"href":"https:\/\/beta.alpscigar.com\/en\/wp-json\/wp\/v2\/types\/product"}],"wp:featuredmedia":[{"embeddable":true,"href":"https:\/\/beta.alpscigar.com\/en\/wp-json\/wp\/v2\/media\/65626"}],"wp:attachment":[{"href":"https:\/\/beta.alpscigar.com\/en\/wp-json\/wp\/v2\/media?parent=65630"}],"wp:term":[{"taxonomy":"product_cat","embeddable":true,"href":"https:\/\/beta.alpscigar.com\/en\/wp-json\/wp\/v2\/product_cat?post=65630"},{"taxonomy":"product_tag","embeddable":true,"href":"https:\/\/beta.alpscigar.com\/en\/wp-json\/wp\/v2\/product_tag?post=65630"}],"curies":[{"name":"wp","href":"https:\/\/api.w.org\/{rel}","templated":true}]}}