{"id":65905,"date":"2022-04-29T10:06:38","date_gmt":"2022-04-29T09:06:38","guid":{"rendered":"https:\/\/alpscigar.com\/?post_type=product&#038;p=65905"},"modified":"2023-08-31T14:40:16","modified_gmt":"2023-08-31T13:40:16","slug":"la-aurora-115-anniversary-toro-20","status":"publish","type":"product","link":"https:\/\/beta.alpscigar.com\/en\/shop\/dominican-cigars\/la-aurora\/la-aurora-115-anniversary\/la-aurora-115-anniversary-toro-20\/","title":{"rendered":"La Aurora 115 Anniversary Toro (20)"},"content":{"rendered":"<p>Le cigare <strong>La Aurora 115 Anniversary Toro<\/strong> a \u00e9t\u00e9 cr\u00e9\u00e9 pour le 115 \u00e8me anniversaire de la marque La Aurora et est le point culminant de la jouissance sophistiqu\u00e9e au sein des diff\u00e9rentes lignes que propose cette marque. Avec des notes de poivre noir, des nuances de cannelle, de noix et d&rsquo;agrumes, la gamme d&rsquo;ar\u00f4mes de cet excellent m\u00e9lange culmine dans la pr\u00e9sence extr\u00eamement cr\u00e9meuse de notes bois\u00e9es qui compl\u00e8tent le profil gustatif.<\/p>","protected":false},"excerpt":{"rendered":"<p><span>Box of 20 cigars.<\/span><\/p>","protected":false},"featured_media":65902,"template":"","meta":{"_acf_changed":false},"product_cat":[24791,23555,24338,24346],"product_tag":[],"bundled_by":[],"bundle_stock_status":"instock","bundle_stock_quantity":null,"bundle_virtual":false,"bundle_layout":"","bundle_add_to_cart_form_location":"","bundle_editable_in_cart":false,"bundle_sold_individually_context":"","bundle_item_grouping":"","bundle_min_size":"","bundle_max_size":"","bundled_items":[],"acf":[],"_links":{"self":[{"href":"https:\/\/beta.alpscigar.com\/en\/wp-json\/wp\/v2\/product\/65905"}],"collection":[{"href":"https:\/\/beta.alpscigar.com\/en\/wp-json\/wp\/v2\/product"}],"about":[{"href":"https:\/\/beta.alpscigar.com\/en\/wp-json\/wp\/v2\/types\/product"}],"wp:featuredmedia":[{"embeddable":true,"href":"https:\/\/beta.alpscigar.com\/en\/wp-json\/wp\/v2\/media\/65902"}],"wp:attachment":[{"href":"https:\/\/beta.alpscigar.com\/en\/wp-json\/wp\/v2\/media?parent=65905"}],"wp:term":[{"taxonomy":"product_cat","embeddable":true,"href":"https:\/\/beta.alpscigar.com\/en\/wp-json\/wp\/v2\/product_cat?post=65905"},{"taxonomy":"product_tag","embeddable":true,"href":"https:\/\/beta.alpscigar.com\/en\/wp-json\/wp\/v2\/product_tag?post=65905"}],"curies":[{"name":"wp","href":"https:\/\/api.w.org\/{rel}","templated":true}]}}