{"id":65919,"date":"2022-04-29T10:08:45","date_gmt":"2022-04-29T09:08:45","guid":{"rendered":"https:\/\/alpscigar.com\/?post_type=product&#038;p=65919"},"modified":"2023-11-03T16:35:29","modified_gmt":"2023-11-03T15:35:29","slug":"latelier-surrogates-bone-crusher-20","status":"publish","type":"product","link":"https:\/\/beta.alpscigar.com\/en\/shop\/nicaraguan-cigars\/latelier\/latelier-surrogates-bone-crusher-20\/","title":{"rendered":"L&rsquo;Atelier Surrogates Bone Crusher (20)"},"content":{"rendered":"<p>Pour L&rsquo;Atelier Surrogates Bone Crusher, l&rsquo;ic\u00f4ne du cigare Pete Johnson et l&rsquo;\u00e9quipe de My Father Cigars se sont r\u00e9unis pour cr\u00e9er une fum\u00e9e unique. Comme on pouvait s&rsquo;y attendre, ces immenses capacit\u00e9s ont cr\u00e9\u00e9 un nouveau chef-d&rsquo;\u0153uvre. Comme pour de nombreux autres cigares du Nicaragua, les meilleurs tabacs de la r\u00e9gion d&rsquo;Esteli sont utilis\u00e9s pour le Bone Crusher, qui sont emball\u00e9s dans une cape aromatique Maduro Connecticut.<\/p>\n<p>Les saveurs initialement \u00e9pic\u00e9es de poivre, de chocolat noir et de caf\u00e9 s&rsquo;intensifient avec le temps et offrent \u00e0 l&rsquo;ami des fum\u00e9es subtiles une exp\u00e9rience enivrante.\u00a0Au cours de la seconde moiti\u00e9 de la saison fumante, des ar\u00f4mes sucr\u00e9s de r\u00e9glisse et de miel se d\u00e9veloppent progressivement, ce qui enchante certains aficionados.\u00a0Un cigare complexe de la plus haute qualit\u00e9 pour tous les aficionados!<\/p>","protected":false},"excerpt":{"rendered":"<p>Box of 20 cigars.<\/p>","protected":false},"featured_media":65917,"template":"","meta":{"_acf_changed":false},"product_cat":[29877,24791,24638,24035],"product_tag":[],"bundled_by":[],"bundle_stock_status":"instock","bundle_stock_quantity":null,"bundle_virtual":false,"bundle_layout":"","bundle_add_to_cart_form_location":"","bundle_editable_in_cart":false,"bundle_sold_individually_context":"","bundle_item_grouping":"","bundle_min_size":"","bundle_max_size":"","bundled_items":[],"acf":[],"_links":{"self":[{"href":"https:\/\/beta.alpscigar.com\/en\/wp-json\/wp\/v2\/product\/65919"}],"collection":[{"href":"https:\/\/beta.alpscigar.com\/en\/wp-json\/wp\/v2\/product"}],"about":[{"href":"https:\/\/beta.alpscigar.com\/en\/wp-json\/wp\/v2\/types\/product"}],"wp:featuredmedia":[{"embeddable":true,"href":"https:\/\/beta.alpscigar.com\/en\/wp-json\/wp\/v2\/media\/65917"}],"wp:attachment":[{"href":"https:\/\/beta.alpscigar.com\/en\/wp-json\/wp\/v2\/media?parent=65919"}],"wp:term":[{"taxonomy":"product_cat","embeddable":true,"href":"https:\/\/beta.alpscigar.com\/en\/wp-json\/wp\/v2\/product_cat?post=65919"},{"taxonomy":"product_tag","embeddable":true,"href":"https:\/\/beta.alpscigar.com\/en\/wp-json\/wp\/v2\/product_tag?post=65919"}],"curies":[{"name":"wp","href":"https:\/\/api.w.org\/{rel}","templated":true}]}}