{"id":65922,"date":"2022-04-29T10:08:47","date_gmt":"2022-04-29T09:08:47","guid":{"rendered":"https:\/\/alpscigar.com\/?post_type=product&#038;p=65922"},"modified":"2023-11-03T16:35:32","modified_gmt":"2023-11-03T15:35:32","slug":"latelier-extension-de-la-racine-er-17-20","status":"publish","type":"product","link":"https:\/\/beta.alpscigar.com\/en\/shop\/nicaraguan-cigars\/latelier\/latelier-extension-de-la-racine-er-17-20\/","title":{"rendered":"L&rsquo;Atelier Extension de la Racine ER 17 (20)"},"content":{"rendered":"<p>Avec le nom de L&rsquo;Atelier, Pete Johnson, souligne le caract\u00e8re artisanal de ces petits cigares fabriqu\u00e9s par Pepin Garcia de l&rsquo;usine My Father Cigars. Les cigares ont un nom fran\u00e7ais en raison de la passion de Pete Johnson pour la France et ses vins. Il est souvent un invit\u00e9 personnel dans la c\u00e9l\u00e8bre r\u00e9gion viticole de Saint-Emilion, non loin de Bordeaux.<\/p>\n<p>Pour la s\u00e9rie L&rsquo;Atelier, Pete Johnson s&rsquo;est associ\u00e9 \u00e0 son fr\u00e8re et \u00e0 quelques amis de l&rsquo;industrie, donc c&rsquo;est d\u00e9lib\u00e9r\u00e9ment en dehors de la gamme r\u00e9guli\u00e8re de Tatuaje. La cape de la s\u00e9rie L&rsquo;Atelier provient d&rsquo;un croisement sp\u00e9cial entre Criollo et Pelo de Oro, avec le myst\u00e9rieux nom Sancti Spiritus (Holy Spirit). La sous-cape cultiv\u00e9e en \u00c9quateur est utilis\u00e9e pour la premi\u00e8re fois dans ces cigares et est une nouveaut\u00e9 absolue.<\/p>","protected":false},"excerpt":{"rendered":"<p>Box of 20 cigars.<\/p>","protected":false},"featured_media":65920,"template":"","meta":{"_acf_changed":false},"product_cat":[29877,24791,24638,24035],"product_tag":[],"bundled_by":[],"bundle_stock_status":"instock","bundle_stock_quantity":null,"bundle_virtual":false,"bundle_layout":"","bundle_add_to_cart_form_location":"","bundle_editable_in_cart":false,"bundle_sold_individually_context":"","bundle_item_grouping":"","bundle_min_size":"","bundle_max_size":"","bundled_items":[],"acf":[],"_links":{"self":[{"href":"https:\/\/beta.alpscigar.com\/en\/wp-json\/wp\/v2\/product\/65922"}],"collection":[{"href":"https:\/\/beta.alpscigar.com\/en\/wp-json\/wp\/v2\/product"}],"about":[{"href":"https:\/\/beta.alpscigar.com\/en\/wp-json\/wp\/v2\/types\/product"}],"wp:featuredmedia":[{"embeddable":true,"href":"https:\/\/beta.alpscigar.com\/en\/wp-json\/wp\/v2\/media\/65920"}],"wp:attachment":[{"href":"https:\/\/beta.alpscigar.com\/en\/wp-json\/wp\/v2\/media?parent=65922"}],"wp:term":[{"taxonomy":"product_cat","embeddable":true,"href":"https:\/\/beta.alpscigar.com\/en\/wp-json\/wp\/v2\/product_cat?post=65922"},{"taxonomy":"product_tag","embeddable":true,"href":"https:\/\/beta.alpscigar.com\/en\/wp-json\/wp\/v2\/product_tag?post=65922"}],"curies":[{"name":"wp","href":"https:\/\/api.w.org\/{rel}","templated":true}]}}