{"id":66111,"date":"2022-04-29T10:59:34","date_gmt":"2022-04-29T09:59:34","guid":{"rendered":"https:\/\/alpscigar.com\/?post_type=product&#038;p=66111"},"modified":"2025-05-29T14:14:00","modified_gmt":"2025-05-29T13:14:00","slug":"leon-jimenes-petit-blond-tin-10s-10","status":"publish","type":"product","link":"https:\/\/beta.alpscigar.com\/en\/shop\/dominican-cigars\/leon-jimenes\/leon-jimenes-petit-blond-tin-10s-10\/","title":{"rendered":"Le\u00f3n Jimenes Petit Blond Tin 10&rsquo;s (10)"},"content":{"rendered":"<p>L&rsquo;un des nombreux secrets de famille, un processus de maturation sp\u00e9cial du bois de c\u00e8dre, donne au Le\u00f3n Jimenes Petit Blond Tin 10&rsquo;s son go\u00fbt doux. Vous pouvez vous attendre \u00e0 une exp\u00e9rience de fumage longue et int\u00e9ressante avec ce format qui lui donne des ar\u00f4mes de go\u00fbt riches du bois de c\u00e8dre \u00e0 la cannelle.<\/p>","protected":false},"excerpt":{"rendered":"<p>Box of 10 cigars.<\/p>","protected":false},"featured_media":66109,"template":"","meta":{"_acf_changed":false},"product_cat":[29739,29909,24791,23555],"product_tag":[],"bundled_by":[],"bundle_stock_status":"instock","bundle_stock_quantity":null,"bundle_virtual":false,"bundle_layout":"","bundle_add_to_cart_form_location":"","bundle_editable_in_cart":false,"bundle_sold_individually_context":"","bundle_item_grouping":"","bundle_min_size":"","bundle_max_size":"","bundled_items":[],"acf":[],"_links":{"self":[{"href":"https:\/\/beta.alpscigar.com\/en\/wp-json\/wp\/v2\/product\/66111"}],"collection":[{"href":"https:\/\/beta.alpscigar.com\/en\/wp-json\/wp\/v2\/product"}],"about":[{"href":"https:\/\/beta.alpscigar.com\/en\/wp-json\/wp\/v2\/types\/product"}],"wp:featuredmedia":[{"embeddable":true,"href":"https:\/\/beta.alpscigar.com\/en\/wp-json\/wp\/v2\/media\/66109"}],"wp:attachment":[{"href":"https:\/\/beta.alpscigar.com\/en\/wp-json\/wp\/v2\/media?parent=66111"}],"wp:term":[{"taxonomy":"product_cat","embeddable":true,"href":"https:\/\/beta.alpscigar.com\/en\/wp-json\/wp\/v2\/product_cat?post=66111"},{"taxonomy":"product_tag","embeddable":true,"href":"https:\/\/beta.alpscigar.com\/en\/wp-json\/wp\/v2\/product_tag?post=66111"}],"curies":[{"name":"wp","href":"https:\/\/api.w.org\/{rel}","templated":true}]}}