{"id":66140,"date":"2022-04-29T11:02:39","date_gmt":"2022-04-29T10:02:39","guid":{"rendered":"https:\/\/alpscigar.com\/?post_type=product&#038;p=66140"},"modified":"2023-11-06T11:05:14","modified_gmt":"2023-11-06T10:05:14","slug":"lord-of-barbes-gin-de-paris","status":"publish","type":"product","link":"https:\/\/beta.alpscigar.com\/en\/shop\/alcools\/gin\/lord-of-barbes-gin-de-paris\/","title":{"rendered":"Lord Of Barb\u00e8s Gin de Paris"},"content":{"rendered":"<p>Un produit original et vraiment novateur dans l\u2019univers du GIN. Lord Of Barb\u00e8s a \u00e9t\u00e9 cr\u00e9\u00e9 \u00e0 \u2026 Barb\u00e8s (ben oui !) par Lord Herv\u00e9 Lopez. C\u2019est depuis sa boutique du 18e arrondissement de Paris que cette aventure a d\u00e9marr\u00e9. Ce cr\u00e9ateur, designer c\u2019est inspir\u00e9 des saveurs que l\u2019on retrouve dans les boutiques africaines pour cr\u00e9er son GIN. C\u2019est avec le concours d\u2019une distillerie cogna\u00e7aise r\u00e9put\u00e9e que le produit est abouti.<\/p>\n<p>Pour ne rien g\u00e2cher, ce gin se pr\u00e9sente dans une bouteille hyper originale d\u2019un verre en \u00ab\u00a0bleu de cobalt\u00a0\u00bb couleur aujourd\u2019hui rarissime, car difficile \u00e0 produire.<\/p>\n<p>Distill\u00e9 avec de l\u2019alcool de bl\u00e9, Lord Of Barb\u00e8s doit ses ar\u00f4mes \u00e0 la composition d\u2019un assemblage de plantes et \u00e9pices tels que\u00a0: les baies de geni\u00e8vre, la mangue s\u00e9ch\u00e9e, le gingembre, la coriandre, la maniguette, la noix de muscade, l\u2019ang\u00e9lique, la cardamome et enfin, le \u00ab\u00a0Pain de Singes\u00a0\u00bb fruit du baobab que les singes adorent pour son go\u00fbt acidul\u00e9.<\/p>","protected":false},"excerpt":{"rendered":"<p>1 bouteille de 50cl.<\/p>","protected":false},"featured_media":66138,"template":"","meta":{"_acf_changed":false},"product_cat":[25246,29839],"product_tag":[],"bundled_by":[],"bundle_stock_status":"instock","bundle_stock_quantity":null,"bundle_virtual":false,"bundle_layout":"","bundle_add_to_cart_form_location":"","bundle_editable_in_cart":false,"bundle_sold_individually_context":"","bundle_item_grouping":"","bundle_min_size":"","bundle_max_size":"","bundled_items":[],"acf":[],"_links":{"self":[{"href":"https:\/\/beta.alpscigar.com\/en\/wp-json\/wp\/v2\/product\/66140"}],"collection":[{"href":"https:\/\/beta.alpscigar.com\/en\/wp-json\/wp\/v2\/product"}],"about":[{"href":"https:\/\/beta.alpscigar.com\/en\/wp-json\/wp\/v2\/types\/product"}],"wp:featuredmedia":[{"embeddable":true,"href":"https:\/\/beta.alpscigar.com\/en\/wp-json\/wp\/v2\/media\/66138"}],"wp:attachment":[{"href":"https:\/\/beta.alpscigar.com\/en\/wp-json\/wp\/v2\/media?parent=66140"}],"wp:term":[{"taxonomy":"product_cat","embeddable":true,"href":"https:\/\/beta.alpscigar.com\/en\/wp-json\/wp\/v2\/product_cat?post=66140"},{"taxonomy":"product_tag","embeddable":true,"href":"https:\/\/beta.alpscigar.com\/en\/wp-json\/wp\/v2\/product_tag?post=66140"}],"curies":[{"name":"wp","href":"https:\/\/api.w.org\/{rel}","templated":true}]}}