{"id":66310,"date":"2022-04-29T12:18:51","date_gmt":"2022-04-29T11:18:51","guid":{"rendered":"https:\/\/alpscigar.com\/?post_type=product&#038;p=66310"},"modified":"2025-05-29T14:36:49","modified_gmt":"2025-05-29T13:36:49","slug":"nicarao-classico-robusto-20","status":"publish","type":"product","link":"https:\/\/beta.alpscigar.com\/en\/shop\/nicaraguan-cigars\/nicarao\/nicarao-classico-robusto-20\/","title":{"rendered":"Nicarao Classico Robusto (20)"},"content":{"rendered":"<p>La marque relativement jeune Nicarao a \u00e9t\u00e9 lanc\u00e9e il y a quelques ann\u00e9es par l\u2019expert du tabac Didier Houvenaghel. Didier est agronomiste et a r\u00e9dig\u00e9 sa th\u00e8se de ma\u00eetrise \u00e0 l\u2019Universit\u00e9 de Pinar del Rio \u00e0 Cuba. C\u2019est l\u00e0 que sa vision de cr\u00e9er sa propre ligne de cigares est n\u00e9e. Didier a trouv\u00e9 les conditions id\u00e9ales du sol et le climat appropri\u00e9 au Nicaragua, o\u00f9 il a cr\u00e9\u00e9 un m\u00e9lange pour le Nicarao Classico Robusto qui offre un ar\u00f4me extraordinaire avec un plaisir du tabac particuli\u00e8rement doux et digestible.<\/p>","protected":false},"excerpt":{"rendered":"<p>Box of 20 cigars.<\/p>","protected":false},"featured_media":66308,"template":"","meta":{"_acf_changed":false},"product_cat":[29941,24791,24638,24035],"product_tag":[],"bundled_by":[],"bundle_stock_status":"instock","bundle_stock_quantity":null,"bundle_virtual":false,"bundle_layout":"","bundle_add_to_cart_form_location":"","bundle_editable_in_cart":false,"bundle_sold_individually_context":"","bundle_item_grouping":"","bundle_min_size":"","bundle_max_size":"","bundled_items":[],"acf":[],"_links":{"self":[{"href":"https:\/\/beta.alpscigar.com\/en\/wp-json\/wp\/v2\/product\/66310"}],"collection":[{"href":"https:\/\/beta.alpscigar.com\/en\/wp-json\/wp\/v2\/product"}],"about":[{"href":"https:\/\/beta.alpscigar.com\/en\/wp-json\/wp\/v2\/types\/product"}],"wp:featuredmedia":[{"embeddable":true,"href":"https:\/\/beta.alpscigar.com\/en\/wp-json\/wp\/v2\/media\/66308"}],"wp:attachment":[{"href":"https:\/\/beta.alpscigar.com\/en\/wp-json\/wp\/v2\/media?parent=66310"}],"wp:term":[{"taxonomy":"product_cat","embeddable":true,"href":"https:\/\/beta.alpscigar.com\/en\/wp-json\/wp\/v2\/product_cat?post=66310"},{"taxonomy":"product_tag","embeddable":true,"href":"https:\/\/beta.alpscigar.com\/en\/wp-json\/wp\/v2\/product_tag?post=66310"}],"curies":[{"name":"wp","href":"https:\/\/api.w.org\/{rel}","templated":true}]}}