{"id":66370,"date":"2022-04-29T12:37:03","date_gmt":"2022-04-29T11:37:03","guid":{"rendered":"https:\/\/alpscigar.com\/?post_type=product&#038;p=66370"},"modified":"2023-08-31T14:42:38","modified_gmt":"2023-08-31T13:42:38","slug":"nub-variety-sampler-tubos-4","status":"publish","type":"product","link":"https:\/\/beta.alpscigar.com\/en\/shop\/nicaraguan-cigars\/nub\/nub-variety-sampler-tubos-4\/","title":{"rendered":"NUB Variety Sampler Tubos (4)"},"content":{"rendered":"<div class=\"std product-description read-more-container disabled\">\n<p>Jos\u00e9 Oliva s&rsquo;\u00e9tait donn\u00e9 pour objectif de cr\u00e9er quelque chose de nouveau, d&rsquo;inhabituel, d&rsquo;in\u00e9dit dans l&rsquo;industrie du cigare. Cela doit \u00eatre un cigare qui d\u00e9ploie toute sa puissance et sa saveur d\u00e8s qu&rsquo;il est allum\u00e9, pour ainsi dire d\u00e8s la premi\u00e8re bouff\u00e9e. Le r\u00e9sultat fut les cigares NUB. Grand diam\u00e8tre mais de longueur courte.<br \/>\nLe NUB Tubos Variety Sampler pr\u00e9sente tout le spectre de ces cigares avec les quatre m\u00e9langes diff\u00e9rents et offre un excellent aper\u00e7u de la cr\u00e9ation de Jos\u00e9 Oliva.<\/p>\n<ul>\n<li>1x NUB Maduro 460<\/li>\n<li>1x NUB Sun Grown 460<\/li>\n<li>1x NUB Connecticut 460<\/li>\n<li>1x\u00a0NUB Cameroun 460<\/li>\n<\/ul>\n<\/div>","protected":false},"excerpt":{"rendered":"<p>Bo\u00eete de 4 cigares en tube.<\/p>","protected":false},"featured_media":66365,"template":"","meta":{"_acf_changed":false},"product_cat":[29945,24791,24638,24035],"product_tag":[],"bundled_by":[],"bundle_stock_status":"instock","bundle_stock_quantity":null,"bundle_virtual":false,"bundle_layout":"","bundle_add_to_cart_form_location":"","bundle_editable_in_cart":false,"bundle_sold_individually_context":"","bundle_item_grouping":"","bundle_min_size":"","bundle_max_size":"","bundled_items":[],"acf":[],"_links":{"self":[{"href":"https:\/\/beta.alpscigar.com\/en\/wp-json\/wp\/v2\/product\/66370"}],"collection":[{"href":"https:\/\/beta.alpscigar.com\/en\/wp-json\/wp\/v2\/product"}],"about":[{"href":"https:\/\/beta.alpscigar.com\/en\/wp-json\/wp\/v2\/types\/product"}],"wp:featuredmedia":[{"embeddable":true,"href":"https:\/\/beta.alpscigar.com\/en\/wp-json\/wp\/v2\/media\/66365"}],"wp:attachment":[{"href":"https:\/\/beta.alpscigar.com\/en\/wp-json\/wp\/v2\/media?parent=66370"}],"wp:term":[{"taxonomy":"product_cat","embeddable":true,"href":"https:\/\/beta.alpscigar.com\/en\/wp-json\/wp\/v2\/product_cat?post=66370"},{"taxonomy":"product_tag","embeddable":true,"href":"https:\/\/beta.alpscigar.com\/en\/wp-json\/wp\/v2\/product_tag?post=66370"}],"curies":[{"name":"wp","href":"https:\/\/api.w.org\/{rel}","templated":true}]}}