{"id":66477,"date":"2022-04-29T14:50:53","date_gmt":"2022-04-29T13:50:53","guid":{"rendered":"https:\/\/alpscigar.com\/?post_type=product&#038;p=66477"},"modified":"2025-05-29T14:45:43","modified_gmt":"2025-05-29T13:45:43","slug":"padron-1964-anniversary-corona","status":"publish","type":"product","link":"https:\/\/beta.alpscigar.com\/en\/shop\/nicaraguan-cigars\/padron\/padron-1964-anniversary\/padron-1964-anniversary-corona\/","title":{"rendered":"Padron 1964 Anniversary Corona"},"content":{"rendered":"<p><span>Con\u00e7us pour c\u00e9l\u00e9brer les 30 ans de la cr\u00e9ation de cigares haut de gamme parmi les plus luxueux et les plus recherch\u00e9s au monde, <strong>les Padron 1964 Anniversary Corona sont \u00e0 tomber par terre.<\/strong> <\/span><span>Ces pierres pr\u00e9cieuses haut de gamme parfaitement construites sont plus volumineuses en force et en corps et elles pr\u00e9sentent les saveurs les plus agr\u00e9ables d&rsquo;expresso, de terre, de chocolat et de noix avec une excellente finition toast\u00e9e. <\/span><\/p>\n<p><span>Ils sont finis avec de jolies capes de feuilles naturelles, press\u00e9s et emball\u00e9s dans des bo\u00eetes de c\u00e8dre de 25 cigares.<\/span><\/p>","protected":false},"excerpt":{"rendered":"<p>Box of 25 cigars.<\/p>","protected":false},"featured_media":66475,"template":"","meta":{"_acf_changed":false},"product_cat":[29957,29959,24791,24035],"product_tag":[],"bundled_by":[],"bundle_stock_status":"instock","bundle_stock_quantity":null,"bundle_virtual":false,"bundle_layout":"","bundle_add_to_cart_form_location":"","bundle_editable_in_cart":false,"bundle_sold_individually_context":"","bundle_item_grouping":"","bundle_min_size":"","bundle_max_size":"","bundled_items":[],"acf":[],"_links":{"self":[{"href":"https:\/\/beta.alpscigar.com\/en\/wp-json\/wp\/v2\/product\/66477"}],"collection":[{"href":"https:\/\/beta.alpscigar.com\/en\/wp-json\/wp\/v2\/product"}],"about":[{"href":"https:\/\/beta.alpscigar.com\/en\/wp-json\/wp\/v2\/types\/product"}],"wp:featuredmedia":[{"embeddable":true,"href":"https:\/\/beta.alpscigar.com\/en\/wp-json\/wp\/v2\/media\/66475"}],"wp:attachment":[{"href":"https:\/\/beta.alpscigar.com\/en\/wp-json\/wp\/v2\/media?parent=66477"}],"wp:term":[{"taxonomy":"product_cat","embeddable":true,"href":"https:\/\/beta.alpscigar.com\/en\/wp-json\/wp\/v2\/product_cat?post=66477"},{"taxonomy":"product_tag","embeddable":true,"href":"https:\/\/beta.alpscigar.com\/en\/wp-json\/wp\/v2\/product_tag?post=66477"}],"curies":[{"name":"wp","href":"https:\/\/api.w.org\/{rel}","templated":true}]}}