{"id":66637,"date":"2022-04-29T15:14:49","date_gmt":"2022-04-29T14:14:49","guid":{"rendered":"https:\/\/alpscigar.com\/?post_type=product&#038;p=66637"},"modified":"2023-08-31T14:33:47","modified_gmt":"2023-08-31T13:33:47","slug":"oro-de-esteli-gordo-bundle-25","status":"publish","type":"product","link":"https:\/\/beta.alpscigar.com\/en\/shop\/nicaraguan-cigars\/oro-de-esteli\/oro-de-esteli-gordo-bundle-25\/","title":{"rendered":"Oro de Esteli Gordo Bundle (25)"},"content":{"rendered":"<p>L&rsquo;Oro de Esteli Gordo est un cigare \u00e9pic\u00e9 avec du caract\u00e8re et un m\u00e9lange typique du Nicaragua. Le rapport qualit\u00e9-prix est quasiment imbattable. Id\u00e9al pour les entre-deux.<\/p>\n<p>Oro de Esteli Gordo a une longueur de 152 mm et une dimension de bague de 60.<\/p>","protected":false},"excerpt":{"rendered":"<p>Paquet de 25 cigares.<\/p>","protected":false},"featured_media":66635,"template":"","meta":{"_acf_changed":false},"product_cat":[29955,24791,24638,24035],"product_tag":[],"bundled_by":[],"bundle_stock_status":"instock","bundle_stock_quantity":null,"bundle_virtual":false,"bundle_layout":"","bundle_add_to_cart_form_location":"","bundle_editable_in_cart":false,"bundle_sold_individually_context":"","bundle_item_grouping":"","bundle_min_size":"","bundle_max_size":"","bundled_items":[],"acf":[],"_links":{"self":[{"href":"https:\/\/beta.alpscigar.com\/en\/wp-json\/wp\/v2\/product\/66637"}],"collection":[{"href":"https:\/\/beta.alpscigar.com\/en\/wp-json\/wp\/v2\/product"}],"about":[{"href":"https:\/\/beta.alpscigar.com\/en\/wp-json\/wp\/v2\/types\/product"}],"wp:featuredmedia":[{"embeddable":true,"href":"https:\/\/beta.alpscigar.com\/en\/wp-json\/wp\/v2\/media\/66635"}],"wp:attachment":[{"href":"https:\/\/beta.alpscigar.com\/en\/wp-json\/wp\/v2\/media?parent=66637"}],"wp:term":[{"taxonomy":"product_cat","embeddable":true,"href":"https:\/\/beta.alpscigar.com\/en\/wp-json\/wp\/v2\/product_cat?post=66637"},{"taxonomy":"product_tag","embeddable":true,"href":"https:\/\/beta.alpscigar.com\/en\/wp-json\/wp\/v2\/product_tag?post=66637"}],"curies":[{"name":"wp","href":"https:\/\/api.w.org\/{rel}","templated":true}]}}