{"id":66642,"date":"2022-04-29T15:14:54","date_gmt":"2022-04-29T14:14:54","guid":{"rendered":"https:\/\/alpscigar.com\/?post_type=product&#038;p=66642"},"modified":"2023-11-03T16:36:06","modified_gmt":"2023-11-03T15:36:06","slug":"ox-black-angel-12","status":"publish","type":"product","link":"https:\/\/beta.alpscigar.com\/en\/shop\/nicaraguan-cigars\/ox\/ox-black-angel-12\/","title":{"rendered":"OX Black Angel (12)"},"content":{"rendered":"<p><strong>Le cigare OX Black Angel<\/strong> impressionne par sa carrure et sa parfaite construction. L\u2019allumage est ais\u00e9 et les premi\u00e8res volutes sont g\u00e9n\u00e9reuses dot\u00e9es de notes de cuir et d\u2019\u00e9pices. Les ar\u00f4mes sont complexes et \u00e9voluent avec rondeur. Le 3\u00e8me tiers est surprenant de par son regain de puissance et sa rondeur en bouche. Le cuir est la saveur qui pr\u00e9domine le plus dans ce cigare, accompagn\u00e9 avec quelques notes miell\u00e9es qui viennent arrondir le tout.<\/p>\n<p><strong>LIGA\u00a0:<\/strong> Costa Rica, Nicaragua, Cuba.<\/p>\n<p><strong>Particularit\u00e9 :<\/strong> les cigares sont construits avec une perilla au pied pour fermer le cigare.<\/p>\n<p>Box of 12 cigars.<\/p>","protected":false},"excerpt":{"rendered":"<p>Box of 12 cigars.<\/p>","protected":false},"featured_media":66638,"template":"","meta":{"_acf_changed":false},"product_cat":[29956,24791,24638,24035],"product_tag":[],"bundled_by":[],"bundle_stock_status":"instock","bundle_stock_quantity":null,"bundle_virtual":false,"bundle_layout":"","bundle_add_to_cart_form_location":"","bundle_editable_in_cart":false,"bundle_sold_individually_context":"","bundle_item_grouping":"","bundle_min_size":"","bundle_max_size":"","bundled_items":[],"acf":[],"_links":{"self":[{"href":"https:\/\/beta.alpscigar.com\/en\/wp-json\/wp\/v2\/product\/66642"}],"collection":[{"href":"https:\/\/beta.alpscigar.com\/en\/wp-json\/wp\/v2\/product"}],"about":[{"href":"https:\/\/beta.alpscigar.com\/en\/wp-json\/wp\/v2\/types\/product"}],"wp:featuredmedia":[{"embeddable":true,"href":"https:\/\/beta.alpscigar.com\/en\/wp-json\/wp\/v2\/media\/66638"}],"wp:attachment":[{"href":"https:\/\/beta.alpscigar.com\/en\/wp-json\/wp\/v2\/media?parent=66642"}],"wp:term":[{"taxonomy":"product_cat","embeddable":true,"href":"https:\/\/beta.alpscigar.com\/en\/wp-json\/wp\/v2\/product_cat?post=66642"},{"taxonomy":"product_tag","embeddable":true,"href":"https:\/\/beta.alpscigar.com\/en\/wp-json\/wp\/v2\/product_tag?post=66642"}],"curies":[{"name":"wp","href":"https:\/\/api.w.org\/{rel}","templated":true}]}}