{"id":66653,"date":"2022-04-29T15:15:05","date_gmt":"2022-04-29T14:15:05","guid":{"rendered":"https:\/\/alpscigar.com\/?post_type=product&#038;p=66653"},"modified":"2023-08-31T14:43:50","modified_gmt":"2023-08-31T13:43:50","slug":"ox-blue-velvet-12","status":"publish","type":"product","link":"https:\/\/beta.alpscigar.com\/en\/shop\/nicaraguan-cigars\/ox\/ox-blue-velvet-12\/","title":{"rendered":"OX Blue Velvet (12)"},"content":{"rendered":"<p><strong>Le cigare OX Blue Velvet<\/strong> est tr\u00e8s \u00e9l\u00e9gant et parfaitement pr\u00e9sent\u00e9 dans sa bo\u00eete \u00ab\u00a0blue velvet\u00a0\u00bb. L\u2019allumage est ais\u00e9 et les premi\u00e8res volutes cr\u00e9meuses. Il offre un bel \u00e9quilibre entre puissance et ar\u00f4me, se montrant doux et puissant \u00e0 la fois. Le 2\u00e8me tiers offre des notes plus poivr\u00e9es et l\u00e9g\u00e8rement \u00e9pic\u00e9es. Un cigare parfaitement \u00e9quilibr\u00e9 parfait \u00e0 tout moment de la journ\u00e9e.<\/p>\n<p><strong>LIGA\u00a0:<\/strong> Costa Rica, Nicaragua, Cuba.<\/p>\n<p><strong>Particularit\u00e9 :<\/strong> les cigares sont construits avec une perilla au pied pour fermer le cigare.<\/p>\n<p>Box of 12 cigars.<\/p>","protected":false},"excerpt":{"rendered":"<p>Box of 12 cigars.<\/p>","protected":false},"featured_media":66649,"template":"","meta":{"_acf_changed":false},"product_cat":[29956,24791,24035],"product_tag":[],"bundled_by":[],"bundle_stock_status":"instock","bundle_stock_quantity":null,"bundle_virtual":false,"bundle_layout":"","bundle_add_to_cart_form_location":"","bundle_editable_in_cart":false,"bundle_sold_individually_context":"","bundle_item_grouping":"","bundle_min_size":"","bundle_max_size":"","bundled_items":[],"acf":[],"_links":{"self":[{"href":"https:\/\/beta.alpscigar.com\/en\/wp-json\/wp\/v2\/product\/66653"}],"collection":[{"href":"https:\/\/beta.alpscigar.com\/en\/wp-json\/wp\/v2\/product"}],"about":[{"href":"https:\/\/beta.alpscigar.com\/en\/wp-json\/wp\/v2\/types\/product"}],"wp:featuredmedia":[{"embeddable":true,"href":"https:\/\/beta.alpscigar.com\/en\/wp-json\/wp\/v2\/media\/66649"}],"wp:attachment":[{"href":"https:\/\/beta.alpscigar.com\/en\/wp-json\/wp\/v2\/media?parent=66653"}],"wp:term":[{"taxonomy":"product_cat","embeddable":true,"href":"https:\/\/beta.alpscigar.com\/en\/wp-json\/wp\/v2\/product_cat?post=66653"},{"taxonomy":"product_tag","embeddable":true,"href":"https:\/\/beta.alpscigar.com\/en\/wp-json\/wp\/v2\/product_tag?post=66653"}],"curies":[{"name":"wp","href":"https:\/\/api.w.org\/{rel}","templated":true}]}}