{"id":66688,"date":"2022-04-29T15:19:51","date_gmt":"2022-04-29T14:19:51","guid":{"rendered":"https:\/\/alpscigar.com\/?post_type=product&#038;p=66688"},"modified":"2023-11-13T10:13:08","modified_gmt":"2023-11-13T09:13:08","slug":"padron-sampler","status":"publish","type":"product","link":"https:\/\/beta.alpscigar.com\/en\/shop\/nicaraguan-cigars\/padron\/padron-gift-pack\/padron-sampler\/","title":{"rendered":"Padron Sampler"},"content":{"rendered":"<p>Maintenant, vous pouvez d\u00e9couvrir les incroyables saveurs de l\u2019une des meilleures marques du monde avec l&rsquo;assortiment de 8 cigares Padron Sampler. Ces puros 100% nicaraguayens sont cors\u00e9s, d\u2019une douceur onctueuse et remplissent la langue de notes luxueuses de cacao, de terre, de c\u00e8dre, de cuir et d\u2019\u00e9pices subtiles, couronn\u00e9es par un final s\u00e9duisant. Une collection des meilleurs de Padron attend le destinataire chanceux de ce magnifique assortiment.<\/p>\n<p><strong>L&rsquo;assortiment Padron Sampler 8 Cigare comprend:<\/strong><\/p>\n<p>1 &#8211; Padron 1926 No. 1<br \/>\n1 &#8211; Padron 1926 No. 2<br \/>\n1 &#8211; Padron 1926 No. 6<br \/>\n1 &#8211; Padron 1964 Exclusif<br \/>\n1 &#8211; Padron Torpedo de 1964<br \/>\n1 &#8211; Padron Imp\u00e9rial de 1964<br \/>\n1 &#8211; Padron Torpedo 6000<br \/>\n1 &#8211; Padron 4000<\/p>","protected":false},"excerpt":{"rendered":"<p>Box of 8 cigars.<\/p>","protected":false},"featured_media":66687,"template":"","meta":{"_acf_changed":false},"product_cat":[29957,29963,24791,24035],"product_tag":[],"bundled_by":[],"bundle_stock_status":"outofstock","bundle_stock_quantity":0,"bundle_virtual":false,"bundle_layout":"","bundle_add_to_cart_form_location":"","bundle_editable_in_cart":false,"bundle_sold_individually_context":"","bundle_item_grouping":"","bundle_min_size":"","bundle_max_size":"","bundled_items":[],"acf":[],"_links":{"self":[{"href":"https:\/\/beta.alpscigar.com\/en\/wp-json\/wp\/v2\/product\/66688"}],"collection":[{"href":"https:\/\/beta.alpscigar.com\/en\/wp-json\/wp\/v2\/product"}],"about":[{"href":"https:\/\/beta.alpscigar.com\/en\/wp-json\/wp\/v2\/types\/product"}],"wp:featuredmedia":[{"embeddable":true,"href":"https:\/\/beta.alpscigar.com\/en\/wp-json\/wp\/v2\/media\/66687"}],"wp:attachment":[{"href":"https:\/\/beta.alpscigar.com\/en\/wp-json\/wp\/v2\/media?parent=66688"}],"wp:term":[{"taxonomy":"product_cat","embeddable":true,"href":"https:\/\/beta.alpscigar.com\/en\/wp-json\/wp\/v2\/product_cat?post=66688"},{"taxonomy":"product_tag","embeddable":true,"href":"https:\/\/beta.alpscigar.com\/en\/wp-json\/wp\/v2\/product_tag?post=66688"}],"curies":[{"name":"wp","href":"https:\/\/api.w.org\/{rel}","templated":true}]}}