{"id":66694,"date":"2022-04-29T15:20:17","date_gmt":"2022-04-29T14:20:17","guid":{"rendered":"https:\/\/alpscigar.com\/?post_type=product&#038;p=66694"},"modified":"2023-11-03T08:33:03","modified_gmt":"2023-11-03T07:33:03","slug":"paradiso-revelation-prophet-24","status":"publish","type":"product","link":"https:\/\/beta.alpscigar.com\/en\/shop\/nicaraguan-cigars\/paradiso-paradiso\/paradiso-revelation\/paradiso-revelation-prophet-24\/","title":{"rendered":"Paradiso Revelation Prophet (24)"},"content":{"rendered":"<p>\u00abRevelation\u00bb est la 2\u00e8me ligne de Paradiso et signifie : r\u00e9v\u00e9lation. La distinction avec la s\u00e9rie \u00ab Classic \u00bb est r\u00e9ussie et claire. Le Paradiso Revelation Prophet est moyennement fort a des ar\u00f4mes de cacao et de terre avec des nuances de cuir et de poivre blanc qui laisseront place au c\u00e8dre et la noisette plus tard dans la d\u00e9gustation. Une exp\u00e9rience de fum\u00e9e harmonieuse.<\/p>","protected":false},"excerpt":{"rendered":"<p>Box of 24 cigars.<\/p>","protected":false},"featured_media":66692,"template":"","meta":{"_acf_changed":false},"product_cat":[29966,29968,24791,24638,21990,24720,24035],"product_tag":[],"bundled_by":[],"bundle_stock_status":"instock","bundle_stock_quantity":null,"bundle_virtual":false,"bundle_layout":"","bundle_add_to_cart_form_location":"","bundle_editable_in_cart":false,"bundle_sold_individually_context":"","bundle_item_grouping":"","bundle_min_size":"","bundle_max_size":"","bundled_items":[],"acf":[],"_links":{"self":[{"href":"https:\/\/beta.alpscigar.com\/en\/wp-json\/wp\/v2\/product\/66694"}],"collection":[{"href":"https:\/\/beta.alpscigar.com\/en\/wp-json\/wp\/v2\/product"}],"about":[{"href":"https:\/\/beta.alpscigar.com\/en\/wp-json\/wp\/v2\/types\/product"}],"wp:featuredmedia":[{"embeddable":true,"href":"https:\/\/beta.alpscigar.com\/en\/wp-json\/wp\/v2\/media\/66692"}],"wp:attachment":[{"href":"https:\/\/beta.alpscigar.com\/en\/wp-json\/wp\/v2\/media?parent=66694"}],"wp:term":[{"taxonomy":"product_cat","embeddable":true,"href":"https:\/\/beta.alpscigar.com\/en\/wp-json\/wp\/v2\/product_cat?post=66694"},{"taxonomy":"product_tag","embeddable":true,"href":"https:\/\/beta.alpscigar.com\/en\/wp-json\/wp\/v2\/product_tag?post=66694"}],"curies":[{"name":"wp","href":"https:\/\/api.w.org\/{rel}","templated":true}]}}