{"id":66711,"date":"2022-04-29T15:20:56","date_gmt":"2022-04-29T14:20:56","guid":{"rendered":"https:\/\/alpscigar.com\/?post_type=product&#038;p=66711"},"modified":"2023-09-06T03:19:08","modified_gmt":"2023-09-06T02:19:08","slug":"paradiso-monumento-22","status":"publish","type":"product","link":"https:\/\/beta.alpscigar.com\/en\/shop\/nicaraguan-cigars\/paradiso-paradiso\/paradiso-monumento-22\/","title":{"rendered":"Paradiso Monumento (22)"},"content":{"rendered":"<p>Le cigare Paradiso Monumento est un beau Churchill, exempt de d\u00e9fauts, le toucher est soyeux et gras. Peu de difficult\u00e9 lors de l&rsquo;allumage mais un tirage l\u00e9g\u00e8rement en retenue par rapport au plus gros module de la marque. Les premi\u00e8res notes de cuir et de chocolat restent en bouche relativement longtemps. L&rsquo;\u00e9volution aromatique \u00e0 lieu graduellement, de l&rsquo;herbac\u00e9 au terreux. Le tempo est agr\u00e9able.<\/p>","protected":false},"excerpt":{"rendered":"<p>Bo\u00eete de 22 cigares.<\/p>","protected":false},"featured_media":66709,"template":"","meta":{"_acf_changed":false},"product_cat":[29966,24791,24035],"product_tag":[],"bundled_by":[],"bundle_stock_status":"instock","bundle_stock_quantity":null,"bundle_virtual":false,"bundle_layout":"","bundle_add_to_cart_form_location":"","bundle_editable_in_cart":false,"bundle_sold_individually_context":"","bundle_item_grouping":"","bundle_min_size":"","bundle_max_size":"","bundled_items":[],"acf":[],"_links":{"self":[{"href":"https:\/\/beta.alpscigar.com\/en\/wp-json\/wp\/v2\/product\/66711"}],"collection":[{"href":"https:\/\/beta.alpscigar.com\/en\/wp-json\/wp\/v2\/product"}],"about":[{"href":"https:\/\/beta.alpscigar.com\/en\/wp-json\/wp\/v2\/types\/product"}],"wp:featuredmedia":[{"embeddable":true,"href":"https:\/\/beta.alpscigar.com\/en\/wp-json\/wp\/v2\/media\/66709"}],"wp:attachment":[{"href":"https:\/\/beta.alpscigar.com\/en\/wp-json\/wp\/v2\/media?parent=66711"}],"wp:term":[{"taxonomy":"product_cat","embeddable":true,"href":"https:\/\/beta.alpscigar.com\/en\/wp-json\/wp\/v2\/product_cat?post=66711"},{"taxonomy":"product_tag","embeddable":true,"href":"https:\/\/beta.alpscigar.com\/en\/wp-json\/wp\/v2\/product_tag?post=66711"}],"curies":[{"name":"wp","href":"https:\/\/api.w.org\/{rel}","templated":true}]}}