{"id":66714,"date":"2022-04-29T15:20:59","date_gmt":"2022-04-29T14:20:59","guid":{"rendered":"https:\/\/alpscigar.com\/?post_type=product&#038;p=66714"},"modified":"2023-12-13T13:43:45","modified_gmt":"2023-12-13T12:43:45","slug":"paradiso-clasico-22","status":"publish","type":"product","link":"https:\/\/beta.alpscigar.com\/en\/shop\/nicaraguan-cigars\/paradiso-paradiso\/paradiso-clasico-22\/","title":{"rendered":"Paradiso Clasico (22)"},"content":{"rendered":"<p>Le Paradiso Clasico est le Robusto de la marque qui est envelopp\u00e9 dans une cape fonc\u00e9e et grasse mais pr\u00e9sente quelques veines. Le poivre et le bois\u00e9 apparaissent rapidement lors la premi\u00e8re partie de la d\u00e9gustation. Apr\u00e8s quelques centim\u00e8tres, un peu de douceur s&rsquo;installe \u00e9tonnamment, prolong\u00e9e plus tard par quelques bouff\u00e9es par un c\u00f4t\u00e9 plus herbac\u00e9. Le final est bien plus surprenant que la premi\u00e8re partie ce qui nous laisse finalement une bonne impression.<\/p>","protected":false},"excerpt":{"rendered":"<p>Bo\u00eete de 22 cigares.<\/p>","protected":false},"featured_media":66712,"template":"","meta":{"_acf_changed":false},"product_cat":[29966,24791,24638,21990,24720,24035],"product_tag":[],"bundled_by":[],"bundle_stock_status":"instock","bundle_stock_quantity":null,"bundle_virtual":false,"bundle_layout":"","bundle_add_to_cart_form_location":"","bundle_editable_in_cart":false,"bundle_sold_individually_context":"","bundle_item_grouping":"","bundle_min_size":"","bundle_max_size":"","bundled_items":[],"acf":[],"_links":{"self":[{"href":"https:\/\/beta.alpscigar.com\/en\/wp-json\/wp\/v2\/product\/66714"}],"collection":[{"href":"https:\/\/beta.alpscigar.com\/en\/wp-json\/wp\/v2\/product"}],"about":[{"href":"https:\/\/beta.alpscigar.com\/en\/wp-json\/wp\/v2\/types\/product"}],"wp:featuredmedia":[{"embeddable":true,"href":"https:\/\/beta.alpscigar.com\/en\/wp-json\/wp\/v2\/media\/66712"}],"wp:attachment":[{"href":"https:\/\/beta.alpscigar.com\/en\/wp-json\/wp\/v2\/media?parent=66714"}],"wp:term":[{"taxonomy":"product_cat","embeddable":true,"href":"https:\/\/beta.alpscigar.com\/en\/wp-json\/wp\/v2\/product_cat?post=66714"},{"taxonomy":"product_tag","embeddable":true,"href":"https:\/\/beta.alpscigar.com\/en\/wp-json\/wp\/v2\/product_tag?post=66714"}],"curies":[{"name":"wp","href":"https:\/\/api.w.org\/{rel}","templated":true}]}}