{"id":66748,"date":"2022-04-29T15:55:07","date_gmt":"2022-04-29T14:55:07","guid":{"rendered":"https:\/\/alpscigar.com\/?post_type=product&#038;p=66748"},"modified":"2023-11-06T11:09:34","modified_gmt":"2023-11-06T10:09:34","slug":"plantation-barbados-rum-20th-anniversary-extra-old","status":"publish","type":"product","link":"https:\/\/beta.alpscigar.com\/en\/shop\/alcools\/rhum\/plantation\/plantation-barbados-rum-20th-anniversary-extra-old\/","title":{"rendered":"Plantation Barbados Rum 20th Anniversary Extra Old"},"content":{"rendered":"<p>Ce mill\u00e9sime extraordinaire a \u00e9t\u00e9 pr\u00e9sent\u00e9 \u00e0 l&rsquo;occasion des 20 ans de la Maison Ferrand. Un assemblage de rhums de 12 \u00e0 20 ans, tous originaires de la Barbade. Comme les autres rhums de la gamme Plantation, il vieillit d&rsquo;abord dans son pays d&rsquo;origine, la Barbade, et b\u00e9n\u00e9ficie ensuite d&rsquo;un affinage plus pouss\u00e9 \u00e0 Cognac dans des f\u00fbts utilis\u00e9s \u00e0 l&rsquo;origine pour le cognac Pierre Ferrand. Une expression unique est r\u00e9alis\u00e9e en utilisant des m\u00e9thodes locales traditionnelles.<\/p>\n<h4>NOTE DE D\u00c9GUSTATION<\/h4>\n<p><strong>Nez\u00a0:<\/strong> S&rsquo;ouvre sur des notes fruit\u00e9es puis\u00a0s&rsquo;ajoute un parfum suppl\u00e9mentaire de chocolat \u00e0 la vanille, de cacao et de lait.<br \/>\n<strong>Bouche :<\/strong> Douce cannelle, le go\u00fbt de la m\u00e9lasse sucr\u00e9e devient tr\u00e8s doux et moelleux.<br \/>\n<strong>Finale\u00a0:<\/strong> Moyenne-longue, d\u00e9licate et douce.<\/p>","protected":false},"excerpt":{"rendered":"<p>1 bouteille de 70cl.<\/p>","protected":false},"featured_media":66746,"template":"","meta":{"_acf_changed":false},"product_cat":[25246,29972,29991],"product_tag":[],"bundled_by":[],"bundle_stock_status":"instock","bundle_stock_quantity":null,"bundle_virtual":false,"bundle_layout":"","bundle_add_to_cart_form_location":"","bundle_editable_in_cart":false,"bundle_sold_individually_context":"","bundle_item_grouping":"","bundle_min_size":"","bundle_max_size":"","bundled_items":[],"acf":[],"_links":{"self":[{"href":"https:\/\/beta.alpscigar.com\/en\/wp-json\/wp\/v2\/product\/66748"}],"collection":[{"href":"https:\/\/beta.alpscigar.com\/en\/wp-json\/wp\/v2\/product"}],"about":[{"href":"https:\/\/beta.alpscigar.com\/en\/wp-json\/wp\/v2\/types\/product"}],"wp:featuredmedia":[{"embeddable":true,"href":"https:\/\/beta.alpscigar.com\/en\/wp-json\/wp\/v2\/media\/66746"}],"wp:attachment":[{"href":"https:\/\/beta.alpscigar.com\/en\/wp-json\/wp\/v2\/media?parent=66748"}],"wp:term":[{"taxonomy":"product_cat","embeddable":true,"href":"https:\/\/beta.alpscigar.com\/en\/wp-json\/wp\/v2\/product_cat?post=66748"},{"taxonomy":"product_tag","embeddable":true,"href":"https:\/\/beta.alpscigar.com\/en\/wp-json\/wp\/v2\/product_tag?post=66748"}],"curies":[{"name":"wp","href":"https:\/\/api.w.org\/{rel}","templated":true}]}}