{"id":66751,"date":"2022-04-29T15:55:29","date_gmt":"2022-04-29T14:55:29","guid":{"rendered":"https:\/\/alpscigar.com\/?post_type=product&#038;p=66751"},"modified":"2025-05-29T14:11:20","modified_gmt":"2025-05-29T13:11:20","slug":"plantation-rum-coffret-experience-6-x-10-cl-4112","status":"publish","type":"product","link":"https:\/\/beta.alpscigar.com\/en\/shop\/alcools\/rhum\/plantation\/plantation-rum-coffret-experience-6-x-10-cl-4112\/","title":{"rendered":"Plantation Rum Coffret Experience 6 x 10 cl 41,12%"},"content":{"rendered":"<p>Ce magnifique coffret d\u00e9gustation vous permet de d\u00e9couvrir 6 rhums artisanaux de chez Plantation. C&rsquo;est une excellente id\u00e9e cadeau pour se faire plaisir ou \u00e0 offrir.<br \/>\nContenu du coffret :<\/p>\n<ul>\n<li>Plantation 3 Stars<\/li>\n<li>Plantation Original Dark<\/li>\n<li>Plantation Grande Reserve<\/li>\n<li>Plantation Gran Anejo<\/li>\n<li>Plantation XO 20th Anniversaire<\/li>\n<li>Plantation Xaimaca Special Dry<\/li>\n<\/ul>","protected":false},"excerpt":{"rendered":"<p>6 bouteilles de 10cl.<\/p>","protected":false},"featured_media":66749,"template":"","meta":{"_acf_changed":false},"product_cat":[25246,29972,29991],"product_tag":[],"bundled_by":[],"bundle_stock_status":"instock","bundle_stock_quantity":null,"bundle_virtual":false,"bundle_layout":"","bundle_add_to_cart_form_location":"","bundle_editable_in_cart":false,"bundle_sold_individually_context":"","bundle_item_grouping":"","bundle_min_size":"","bundle_max_size":"","bundled_items":[],"acf":[],"_links":{"self":[{"href":"https:\/\/beta.alpscigar.com\/en\/wp-json\/wp\/v2\/product\/66751"}],"collection":[{"href":"https:\/\/beta.alpscigar.com\/en\/wp-json\/wp\/v2\/product"}],"about":[{"href":"https:\/\/beta.alpscigar.com\/en\/wp-json\/wp\/v2\/types\/product"}],"wp:featuredmedia":[{"embeddable":true,"href":"https:\/\/beta.alpscigar.com\/en\/wp-json\/wp\/v2\/media\/66749"}],"wp:attachment":[{"href":"https:\/\/beta.alpscigar.com\/en\/wp-json\/wp\/v2\/media?parent=66751"}],"wp:term":[{"taxonomy":"product_cat","embeddable":true,"href":"https:\/\/beta.alpscigar.com\/en\/wp-json\/wp\/v2\/product_cat?post=66751"},{"taxonomy":"product_tag","embeddable":true,"href":"https:\/\/beta.alpscigar.com\/en\/wp-json\/wp\/v2\/product_tag?post=66751"}],"curies":[{"name":"wp","href":"https:\/\/api.w.org\/{rel}","templated":true}]}}