{"id":66915,"date":"2022-05-02T08:07:16","date_gmt":"2022-05-02T07:07:16","guid":{"rendered":"https:\/\/alpscigar.com\/?post_type=product&#038;p=66915"},"modified":"2023-11-26T12:15:34","modified_gmt":"2023-11-26T11:15:34","slug":"davidoff-tabac-a-pipes-argentina","status":"publish","type":"product","link":"https:\/\/beta.alpscigar.com\/en\/shop\/tabacs-a-pipes\/davidoff-tabac-a-pipes\/davidoff-tabac-a-pipes-argentina\/","title":{"rendered":"Davidoff tabac \u00e0 pipes Argentina"},"content":{"rendered":"<p>Le Davidoff tabac \u00e0 pipes Argentina contient un m\u00e9lange de Black Cavendish double ferment\u00e9 et de tabac de Virginie m\u00fbr s\u00e9ch\u00e9 \u00e0 l&rsquo;air chaud d&rsquo;Argentine, avec un go\u00fbt de miel agr\u00e9able.<\/p>","protected":false},"excerpt":{"rendered":"<p>1 sachet de tabac \u00e0 pipes Davidoff.<\/p>","protected":false},"featured_media":66914,"template":"","meta":{"_acf_changed":false},"product_cat":[29760,30017],"product_tag":[],"bundled_by":[],"bundle_stock_status":"instock","bundle_stock_quantity":null,"bundle_virtual":false,"bundle_layout":"","bundle_add_to_cart_form_location":"","bundle_editable_in_cart":false,"bundle_sold_individually_context":"","bundle_item_grouping":"","bundle_min_size":"","bundle_max_size":"","bundled_items":[],"acf":[],"_links":{"self":[{"href":"https:\/\/beta.alpscigar.com\/en\/wp-json\/wp\/v2\/product\/66915"}],"collection":[{"href":"https:\/\/beta.alpscigar.com\/en\/wp-json\/wp\/v2\/product"}],"about":[{"href":"https:\/\/beta.alpscigar.com\/en\/wp-json\/wp\/v2\/types\/product"}],"wp:featuredmedia":[{"embeddable":true,"href":"https:\/\/beta.alpscigar.com\/en\/wp-json\/wp\/v2\/media\/66914"}],"wp:attachment":[{"href":"https:\/\/beta.alpscigar.com\/en\/wp-json\/wp\/v2\/media?parent=66915"}],"wp:term":[{"taxonomy":"product_cat","embeddable":true,"href":"https:\/\/beta.alpscigar.com\/en\/wp-json\/wp\/v2\/product_cat?post=66915"},{"taxonomy":"product_tag","embeddable":true,"href":"https:\/\/beta.alpscigar.com\/en\/wp-json\/wp\/v2\/product_tag?post=66915"}],"curies":[{"name":"wp","href":"https:\/\/api.w.org\/{rel}","templated":true}]}}