{"id":66952,"date":"2022-05-02T08:10:20","date_gmt":"2022-05-02T07:10:20","guid":{"rendered":"https:\/\/alpscigar.com\/?post_type=product&#038;p=66952"},"modified":"2023-11-14T21:56:40","modified_gmt":"2023-11-14T20:56:40","slug":"davidoff-tabac-a-pipes-scottish-mixture","status":"publish","type":"product","link":"https:\/\/beta.alpscigar.com\/en\/shop\/tabacs-a-pipes\/davidoff-tabac-a-pipes\/davidoff-tabac-a-pipes-scottish-mixture\/","title":{"rendered":"Davidoff tabac \u00e0 pipes Scottish Mixture"},"content":{"rendered":"<p>Les tabacs \u00e0 pipe Davidoff comprennent des m\u00e9langes classiques traditionnels et des saveurs \u00e9l\u00e9gantes et invitantes.\u00a0<strong>Le Davidoff Scottish Mixture<\/strong> est un m\u00e9lange l\u00e9ger, savoureux et de coupe moyenne, avec un ar\u00f4me frais et d\u00e9licatement fleuri, qui conf\u00e8re un parfum tr\u00e8s agr\u00e9able.\u00a0L&rsquo;un des m\u00e9langes de tabac \u00e0 pipes les plus populaires, m\u00e9lang\u00e9 \u00e0 partir de grades s\u00e9lectionn\u00e9s de Virginie, de Burley, du Kentucky et d&rsquo;une petite portion de tabac oriental &#8211; raffin\u00e9 avec une pinc\u00e9e du meilleur whisky \u00e9cossais.<\/p>\n<p>Fabriqu\u00e9 au Danemark.<\/p>","protected":false},"excerpt":{"rendered":"<p>1 bo\u00eete de tabac \u00e0 pipes Davidoff.<\/p>","protected":false},"featured_media":66950,"template":"","meta":{"_acf_changed":false},"product_cat":[29760,30017],"product_tag":[],"bundled_by":[],"bundle_stock_status":"instock","bundle_stock_quantity":null,"bundle_virtual":false,"bundle_layout":"","bundle_add_to_cart_form_location":"","bundle_editable_in_cart":false,"bundle_sold_individually_context":"","bundle_item_grouping":"","bundle_min_size":"","bundle_max_size":"","bundled_items":[],"acf":[],"_links":{"self":[{"href":"https:\/\/beta.alpscigar.com\/en\/wp-json\/wp\/v2\/product\/66952"}],"collection":[{"href":"https:\/\/beta.alpscigar.com\/en\/wp-json\/wp\/v2\/product"}],"about":[{"href":"https:\/\/beta.alpscigar.com\/en\/wp-json\/wp\/v2\/types\/product"}],"wp:featuredmedia":[{"embeddable":true,"href":"https:\/\/beta.alpscigar.com\/en\/wp-json\/wp\/v2\/media\/66950"}],"wp:attachment":[{"href":"https:\/\/beta.alpscigar.com\/en\/wp-json\/wp\/v2\/media?parent=66952"}],"wp:term":[{"taxonomy":"product_cat","embeddable":true,"href":"https:\/\/beta.alpscigar.com\/en\/wp-json\/wp\/v2\/product_cat?post=66952"},{"taxonomy":"product_tag","embeddable":true,"href":"https:\/\/beta.alpscigar.com\/en\/wp-json\/wp\/v2\/product_tag?post=66952"}],"curies":[{"name":"wp","href":"https:\/\/api.w.org\/{rel}","templated":true}]}}