{"id":66955,"date":"2022-05-02T08:10:21","date_gmt":"2022-05-02T07:10:21","guid":{"rendered":"https:\/\/alpscigar.com\/?post_type=product&#038;p=66955"},"modified":"2025-05-22T16:31:42","modified_gmt":"2025-05-22T15:31:42","slug":"davidoff-tabac-a-pipes-green-mixture","status":"publish","type":"product","link":"https:\/\/beta.alpscigar.com\/en\/shop\/tabacs-a-pipes\/davidoff-tabac-a-pipes\/davidoff-tabac-a-pipes-green-mixture\/","title":{"rendered":"Davidoff pipe tobacco Green Mixture"},"content":{"rendered":"<p>Le m\u00e9lange exquis de Virginie m\u00fbre, de savoureux Burley et de Black Cavendish vous offre un feu l\u00e9ger et calme lorsque vous fumez du tabac \u00e0 pipe Davidoff Green Mixture. Et l&rsquo;\u00e9quilibre de son parfum frais et l\u00e9g\u00e8rement fruit\u00e9 a un effet agr\u00e9ablement discret sur votre environnement.<\/p>","protected":false},"excerpt":{"rendered":"<p>1 bo\u00eete de tabac \u00e0 pipes Davidoff.<\/p>","protected":false},"featured_media":66953,"template":"","meta":{"_acf_changed":false},"product_cat":[29760,30017,21990],"product_tag":[],"bundled_by":[],"bundle_stock_status":"instock","bundle_stock_quantity":null,"bundle_virtual":false,"bundle_layout":"","bundle_add_to_cart_form_location":"","bundle_editable_in_cart":false,"bundle_sold_individually_context":"","bundle_item_grouping":"","bundle_min_size":"","bundle_max_size":"","bundled_items":[],"acf":[],"_links":{"self":[{"href":"https:\/\/beta.alpscigar.com\/en\/wp-json\/wp\/v2\/product\/66955"}],"collection":[{"href":"https:\/\/beta.alpscigar.com\/en\/wp-json\/wp\/v2\/product"}],"about":[{"href":"https:\/\/beta.alpscigar.com\/en\/wp-json\/wp\/v2\/types\/product"}],"wp:featuredmedia":[{"embeddable":true,"href":"https:\/\/beta.alpscigar.com\/en\/wp-json\/wp\/v2\/media\/66953"}],"wp:attachment":[{"href":"https:\/\/beta.alpscigar.com\/en\/wp-json\/wp\/v2\/media?parent=66955"}],"wp:term":[{"taxonomy":"product_cat","embeddable":true,"href":"https:\/\/beta.alpscigar.com\/en\/wp-json\/wp\/v2\/product_cat?post=66955"},{"taxonomy":"product_tag","embeddable":true,"href":"https:\/\/beta.alpscigar.com\/en\/wp-json\/wp\/v2\/product_tag?post=66955"}],"curies":[{"name":"wp","href":"https:\/\/api.w.org\/{rel}","templated":true}]}}