{"id":66957,"date":"2022-05-02T08:10:24","date_gmt":"2022-05-02T07:10:24","guid":{"rendered":"https:\/\/alpscigar.com\/?post_type=product&#038;p=66957"},"modified":"2023-11-14T20:46:41","modified_gmt":"2023-11-14T19:46:41","slug":"davidoff-tabac-a-pipes-red-mixture","status":"publish","type":"product","link":"https:\/\/beta.alpscigar.com\/en\/shop\/tabacs-a-pipes\/davidoff-tabac-a-pipes\/davidoff-tabac-a-pipes-red-mixture\/","title":{"rendered":"Davidoff tabac \u00e0 pipes Red Mixture"},"content":{"rendered":"<p>Le parfum caract\u00e9ristique de ce m\u00e9lange est bas\u00e9 sur le m\u00e9lange luxueux de tabac Black Cavendish et le contraste int\u00e9ressant de Ribbon Cut Virginia. Vous pouvez facilement conserver ce m\u00e9lange extr\u00eamement doux.<\/p>","protected":false},"excerpt":{"rendered":"<p>1 bo\u00eete de tabac \u00e0 pipes Davidoff.<\/p>","protected":false},"featured_media":66956,"template":"","meta":{"_acf_changed":false},"product_cat":[29760,30017,21990],"product_tag":[],"bundled_by":[],"bundle_stock_status":"instock","bundle_stock_quantity":null,"bundle_virtual":false,"bundle_layout":"","bundle_add_to_cart_form_location":"","bundle_editable_in_cart":false,"bundle_sold_individually_context":"","bundle_item_grouping":"","bundle_min_size":"","bundle_max_size":"","bundled_items":[],"acf":[],"_links":{"self":[{"href":"https:\/\/beta.alpscigar.com\/en\/wp-json\/wp\/v2\/product\/66957"}],"collection":[{"href":"https:\/\/beta.alpscigar.com\/en\/wp-json\/wp\/v2\/product"}],"about":[{"href":"https:\/\/beta.alpscigar.com\/en\/wp-json\/wp\/v2\/types\/product"}],"wp:featuredmedia":[{"embeddable":true,"href":"https:\/\/beta.alpscigar.com\/en\/wp-json\/wp\/v2\/media\/66956"}],"wp:attachment":[{"href":"https:\/\/beta.alpscigar.com\/en\/wp-json\/wp\/v2\/media?parent=66957"}],"wp:term":[{"taxonomy":"product_cat","embeddable":true,"href":"https:\/\/beta.alpscigar.com\/en\/wp-json\/wp\/v2\/product_cat?post=66957"},{"taxonomy":"product_tag","embeddable":true,"href":"https:\/\/beta.alpscigar.com\/en\/wp-json\/wp\/v2\/product_tag?post=66957"}],"curies":[{"name":"wp","href":"https:\/\/api.w.org\/{rel}","templated":true}]}}