{"id":66969,"date":"2022-05-02T08:11:24","date_gmt":"2022-05-02T07:11:24","guid":{"rendered":"https:\/\/alpscigar.com\/?post_type=product&#038;p=66969"},"modified":"2023-11-07T20:26:17","modified_gmt":"2023-11-07T19:26:17","slug":"davidoff-tabac-a-pipes-brazil","status":"publish","type":"product","link":"https:\/\/beta.alpscigar.com\/en\/shop\/tabacs-a-pipes\/davidoff-tabac-a-pipes\/davidoff-tabac-a-pipes-brazil\/","title":{"rendered":"Davidoff tabac \u00e0 pipes Brazil"},"content":{"rendered":"<p>Le Davidoff tabac \u00e0 pipes Brazil contient un m\u00e9lange de Black Cavendish double ferment\u00e9 et de vari\u00e9t\u00e9s de tabac de Virginie vieilli s\u00e9ch\u00e9 \u00e0 l&rsquo;air chaud du Br\u00e9sil dans diff\u00e9rentes longueurs de coupe. Un m\u00e9lange de premi\u00e8re classe avec une note douce et fruit\u00e9e fra\u00eeche.<\/p>","protected":false},"excerpt":{"rendered":"<p>1 sachet de tabac \u00e0 pipes Davidoff.<\/p>","protected":false},"featured_media":66968,"template":"","meta":{"_acf_changed":false},"product_cat":[29760,30017],"product_tag":[],"bundled_by":[],"bundle_stock_status":"instock","bundle_stock_quantity":null,"bundle_virtual":false,"bundle_layout":"","bundle_add_to_cart_form_location":"","bundle_editable_in_cart":false,"bundle_sold_individually_context":"","bundle_item_grouping":"","bundle_min_size":"","bundle_max_size":"","bundled_items":[],"acf":[],"_links":{"self":[{"href":"https:\/\/beta.alpscigar.com\/en\/wp-json\/wp\/v2\/product\/66969"}],"collection":[{"href":"https:\/\/beta.alpscigar.com\/en\/wp-json\/wp\/v2\/product"}],"about":[{"href":"https:\/\/beta.alpscigar.com\/en\/wp-json\/wp\/v2\/types\/product"}],"wp:featuredmedia":[{"embeddable":true,"href":"https:\/\/beta.alpscigar.com\/en\/wp-json\/wp\/v2\/media\/66968"}],"wp:attachment":[{"href":"https:\/\/beta.alpscigar.com\/en\/wp-json\/wp\/v2\/media?parent=66969"}],"wp:term":[{"taxonomy":"product_cat","embeddable":true,"href":"https:\/\/beta.alpscigar.com\/en\/wp-json\/wp\/v2\/product_cat?post=66969"},{"taxonomy":"product_tag","embeddable":true,"href":"https:\/\/beta.alpscigar.com\/en\/wp-json\/wp\/v2\/product_tag?post=66969"}],"curies":[{"name":"wp","href":"https:\/\/api.w.org\/{rel}","templated":true}]}}