{"id":66971,"date":"2022-05-02T08:11:25","date_gmt":"2022-05-02T07:11:25","guid":{"rendered":"https:\/\/alpscigar.com\/?post_type=product&#038;p=66971"},"modified":"2023-11-26T12:16:34","modified_gmt":"2023-11-26T11:16:34","slug":"davidoff-tabac-a-pipes-malawi","status":"publish","type":"product","link":"https:\/\/beta.alpscigar.com\/en\/shop\/tabacs-a-pipes\/davidoff-tabac-a-pipes\/davidoff-tabac-a-pipes-malawi\/","title":{"rendered":"Davidoff tabac \u00e0 pipes Malawi"},"content":{"rendered":"<p>Le tabac \u00e0 pipe Davidoff Malawi est une combinaison unique de tabac Burley mature et de tabac de Virginie m\u00fbr s\u00e9ch\u00e9 \u00e0 l&rsquo;air chaud, tous deux du Malawi, raffin\u00e9s avec du Dark Cavendish danois. La vanille mexicaine m\u00fbrie au soleil originale cueillie \u00e0 la main a \u00e9t\u00e9 ajout\u00e9e, ce qui donne au tabac sa douceur typique.<\/p>","protected":false},"excerpt":{"rendered":"<p>1 sachet de tabac \u00e0 pipes Davidoff.<\/p>","protected":false},"featured_media":66970,"template":"","meta":{"_acf_changed":false},"product_cat":[29760,30017],"product_tag":[],"bundled_by":[],"bundle_stock_status":"instock","bundle_stock_quantity":null,"bundle_virtual":false,"bundle_layout":"","bundle_add_to_cart_form_location":"","bundle_editable_in_cart":false,"bundle_sold_individually_context":"","bundle_item_grouping":"","bundle_min_size":"","bundle_max_size":"","bundled_items":[],"acf":[],"_links":{"self":[{"href":"https:\/\/beta.alpscigar.com\/en\/wp-json\/wp\/v2\/product\/66971"}],"collection":[{"href":"https:\/\/beta.alpscigar.com\/en\/wp-json\/wp\/v2\/product"}],"about":[{"href":"https:\/\/beta.alpscigar.com\/en\/wp-json\/wp\/v2\/types\/product"}],"wp:featuredmedia":[{"embeddable":true,"href":"https:\/\/beta.alpscigar.com\/en\/wp-json\/wp\/v2\/media\/66970"}],"wp:attachment":[{"href":"https:\/\/beta.alpscigar.com\/en\/wp-json\/wp\/v2\/media?parent=66971"}],"wp:term":[{"taxonomy":"product_cat","embeddable":true,"href":"https:\/\/beta.alpscigar.com\/en\/wp-json\/wp\/v2\/product_cat?post=66971"},{"taxonomy":"product_tag","embeddable":true,"href":"https:\/\/beta.alpscigar.com\/en\/wp-json\/wp\/v2\/product_tag?post=66971"}],"curies":[{"name":"wp","href":"https:\/\/api.w.org\/{rel}","templated":true}]}}