{"id":66993,"date":"2022-05-02T08:14:08","date_gmt":"2022-05-02T07:14:08","guid":{"rendered":"https:\/\/alpscigar.com\/?post_type=product&#038;p=66993"},"modified":"2023-11-27T12:42:44","modified_gmt":"2023-11-27T11:42:44","slug":"davidoff-tabac-a-pipes-royalty-mixture","status":"publish","type":"product","link":"https:\/\/beta.alpscigar.com\/en\/shop\/tabacs-a-pipes\/davidoff-tabac-a-pipes\/davidoff-tabac-a-pipes-royalty-mixture\/","title":{"rendered":"Davidoff tabac \u00e0 pipes Royalty Mixture"},"content":{"rendered":"<p>Les tabacs \u00e0 pipe Davidoff comprennent des m\u00e9langes classiques traditionnels et des saveurs \u00e9l\u00e9gantes et invitantes. Une pipe remplie de tabac Davidoff Royalty Mixture remplit magnifiquement le temps. Un m\u00e9lange anglais classique d&rsquo;\u00e9pices exceptionnelles. Compos\u00e9 de tabacs s\u00e9ch\u00e9s de Virginie et d&rsquo;Orient. Ce m\u00e9lange a une pinc\u00e9e aromatique caract\u00e9ristique de tabac d&rsquo;\u00e9pices de Latakia.<\/p>\n<p>Fabriqu\u00e9 au Danemark.<\/p>","protected":false},"excerpt":{"rendered":"<p>1 bo\u00eete de tabac \u00e0 pipes Davidoff.<\/p>","protected":false},"featured_media":66991,"template":"","meta":{"_acf_changed":false},"product_cat":[29760,30017],"product_tag":[],"bundled_by":[],"bundle_stock_status":"instock","bundle_stock_quantity":null,"bundle_virtual":false,"bundle_layout":"","bundle_add_to_cart_form_location":"","bundle_editable_in_cart":false,"bundle_sold_individually_context":"","bundle_item_grouping":"","bundle_min_size":"","bundle_max_size":"","bundled_items":[],"acf":[],"_links":{"self":[{"href":"https:\/\/beta.alpscigar.com\/en\/wp-json\/wp\/v2\/product\/66993"}],"collection":[{"href":"https:\/\/beta.alpscigar.com\/en\/wp-json\/wp\/v2\/product"}],"about":[{"href":"https:\/\/beta.alpscigar.com\/en\/wp-json\/wp\/v2\/types\/product"}],"wp:featuredmedia":[{"embeddable":true,"href":"https:\/\/beta.alpscigar.com\/en\/wp-json\/wp\/v2\/media\/66991"}],"wp:attachment":[{"href":"https:\/\/beta.alpscigar.com\/en\/wp-json\/wp\/v2\/media?parent=66993"}],"wp:term":[{"taxonomy":"product_cat","embeddable":true,"href":"https:\/\/beta.alpscigar.com\/en\/wp-json\/wp\/v2\/product_cat?post=66993"},{"taxonomy":"product_tag","embeddable":true,"href":"https:\/\/beta.alpscigar.com\/en\/wp-json\/wp\/v2\/product_tag?post=66993"}],"curies":[{"name":"wp","href":"https:\/\/api.w.org\/{rel}","templated":true}]}}